{"id":950,"date":"2021-01-06T09:58:51","date_gmt":"2021-01-06T08:58:51","guid":{"rendered":"https:\/\/willypadel.com\/?post_type=product&#038;p=950"},"modified":"2025-12-26T11:19:43","modified_gmt":"2025-12-26T10:19:43","slug":"padel-court-print-green","status":"publish","type":"product","link":"https:\/\/willypadel.com\/es\/product\/padel-court-print-green\/","title":{"rendered":"POSTER PADEL COURT GREEN MATT POSTER"},"content":{"rendered":"<h4 style=\"text-align: center;\">A2 Size 420 x 594 mm &#8211; Frame not included<\/h4>\n","protected":false},"excerpt":{"rendered":"<h4>A2 Size 420 x 594 mm<\/h4>\n","protected":false},"featured_media":945,"comment_status":"open","ping_status":"closed","template":"","meta":[],"product_brand":[],"product_cat":[201],"product_tag":[203,204,205,202],"class_list":{"0":"post-950","1":"product","2":"type-product","3":"status-publish","4":"has-post-thumbnail","6":"product_cat-prints","7":"product_tag-court","8":"product_tag-frame","9":"product_tag-modern-art","10":"product_tag-print","12":"first","13":"instock","14":"shipping-taxable","15":"purchasable","16":"product-type-simple"},"yoast_head":"<!-- This site is optimized with the Yoast SEO plugin v27.4 - https:\/\/yoast.com\/product\/yoast-seo-wordpress\/ -->\n<title>POSTER PADEL COURT GREEN MATT POSTER | Ropa de P\u00e1del Original | Camisetas, Sudaderas y P\u00f3sters<\/title>\n<meta name=\"robots\" content=\"index, follow, max-snippet:-1, max-image-preview:large, max-video-preview:-1\" \/>\n<link rel=\"canonical\" href=\"https:\/\/willypadel.com\/en\/product\/padel-court-print-green\/\" \/>\n<meta property=\"og:locale\" content=\"es_ES\" \/>\n<meta property=\"og:type\" content=\"article\" \/>\n<meta property=\"og:title\" content=\"POSTER PADEL COURT GREEN MATT POSTER | Ropa de P\u00e1del Original | Camisetas, Sudaderas y P\u00f3sters\" \/>\n<meta property=\"og:description\" content=\"A2 Size 420 x 594 mm\" \/>\n<meta property=\"og:url\" content=\"https:\/\/willypadel.com\/en\/product\/padel-court-print-green\/\" \/>\n<meta property=\"og:site_name\" content=\"Ropa de P\u00e1del Original | Camisetas, Sudaderas y P\u00f3sters\" \/>\n<meta property=\"article:publisher\" content=\"https:\/\/www.facebook.com\/willypadelstore\/\" \/>\n<meta property=\"article:modified_time\" content=\"2025-12-26T10:19:43+00:00\" \/>\n<meta property=\"og:image\" content=\"https:\/\/willypadel.com\/wp-content\/uploads\/2021\/01\/VERDE-PISTA-PADEL-MOCKUP-ESTANTE.avif\" \/>\n\t<meta property=\"og:image:width\" content=\"2000\" \/>\n\t<meta property=\"og:image:height\" content=\"2000\" \/>\n\t<meta property=\"og:image:type\" content=\"image\/jpeg\" \/>\n<meta name=\"twitter:card\" content=\"summary_large_image\" \/>\n<script type=\"application\/ld+json\" class=\"yoast-schema-graph\">{\"@context\":\"https:\\\/\\\/schema.org\",\"@graph\":[{\"@type\":\"WebPage\",\"@id\":\"https:\\\/\\\/willypadel.com\\\/en\\\/product\\\/padel-court-print-green\\\/\",\"url\":\"https:\\\/\\\/willypadel.com\\\/en\\\/product\\\/padel-court-print-green\\\/\",\"name\":\"POSTER PADEL COURT GREEN MATT POSTER | Ropa de P\u00e1del Original | Camisetas, Sudaderas y P\u00f3sters\",\"isPartOf\":{\"@id\":\"https:\\\/\\\/willypadel.com\\\/#website\"},\"primaryImageOfPage\":{\"@id\":\"https:\\\/\\\/willypadel.com\\\/en\\\/product\\\/padel-court-print-green\\\/#primaryimage\"},\"image\":{\"@id\":\"https:\\\/\\\/willypadel.com\\\/en\\\/product\\\/padel-court-print-green\\\/#primaryimage\"},\"thumbnailUrl\":\"https:\\\/\\\/willypadel.com\\\/wp-content\\\/uploads\\\/2021\\\/01\\\/VERDE-PISTA-PADEL-MOCKUP-ESTANTE.avif\",\"datePublished\":\"2021-01-06T08:58:51+00:00\",\"dateModified\":\"2025-12-26T10:19:43+00:00\",\"breadcrumb\":{\"@id\":\"https:\\\/\\\/willypadel.com\\\/en\\\/product\\\/padel-court-print-green\\\/#breadcrumb\"},\"inLanguage\":\"es\",\"potentialAction\":[{\"@type\":\"ReadAction\",\"target\":[\"https:\\\/\\\/willypadel.com\\\/en\\\/product\\\/padel-court-print-green\\\/\"]}]},{\"@type\":\"ImageObject\",\"inLanguage\":\"es\",\"@id\":\"https:\\\/\\\/willypadel.com\\\/en\\\/product\\\/padel-court-print-green\\\/#primaryimage\",\"url\":\"https:\\\/\\\/willypadel.com\\\/wp-content\\\/uploads\\\/2021\\\/01\\\/VERDE-PISTA-PADEL-MOCKUP-ESTANTE.avif\",\"contentUrl\":\"https:\\\/\\\/willypadel.com\\\/wp-content\\\/uploads\\\/2021\\\/01\\\/VERDE-PISTA-PADEL-MOCKUP-ESTANTE.avif\",\"width\":2000,\"height\":2000},{\"@type\":\"BreadcrumbList\",\"@id\":\"https:\\\/\\\/willypadel.com\\\/en\\\/product\\\/padel-court-print-green\\\/#breadcrumb\",\"itemListElement\":[{\"@type\":\"ListItem\",\"position\":1,\"name\":\"Portada\",\"item\":\"https:\\\/\\\/willypadel.com\\\/\"},{\"@type\":\"ListItem\",\"position\":2,\"name\":\"Padel Store\",\"item\":\"https:\\\/\\\/willypadel.com\\\/tienda-padel\\\/\"},{\"@type\":\"ListItem\",\"position\":3,\"name\":\"POSTER PADEL COURT GREEN MATT POSTER\"}]},{\"@type\":\"WebSite\",\"@id\":\"https:\\\/\\\/willypadel.com\\\/#website\",\"url\":\"https:\\\/\\\/willypadel.com\\\/\",\"name\":\"Willy Padel\",\"description\":\"Ropa de p\u00e1del original y t\u00e9cnica dise\u00f1ada por jugadores. Camisetas, sudaderas y p\u00f3sters #WeArePadel.\",\"publisher\":{\"@id\":\"https:\\\/\\\/willypadel.com\\\/#organization\"},\"alternateName\":\"WillyPadel\",\"potentialAction\":[{\"@type\":\"SearchAction\",\"target\":{\"@type\":\"EntryPoint\",\"urlTemplate\":\"https:\\\/\\\/willypadel.com\\\/?s={search_term_string}\"},\"query-input\":{\"@type\":\"PropertyValueSpecification\",\"valueRequired\":true,\"valueName\":\"search_term_string\"}}],\"inLanguage\":\"es\"},{\"@type\":\"Organization\",\"@id\":\"https:\\\/\\\/willypadel.com\\\/#organization\",\"name\":\"Willy Padel\",\"alternateName\":\"WillyPadel\",\"url\":\"https:\\\/\\\/willypadel.com\\\/\",\"logo\":{\"@type\":\"ImageObject\",\"inLanguage\":\"es\",\"@id\":\"https:\\\/\\\/willypadel.com\\\/#\\\/schema\\\/logo\\\/image\\\/\",\"url\":\"https:\\\/\\\/willypadel.com\\\/wp-content\\\/uploads\\\/2024\\\/08\\\/cropped-favicon-willy-1.png\",\"contentUrl\":\"https:\\\/\\\/willypadel.com\\\/wp-content\\\/uploads\\\/2024\\\/08\\\/cropped-favicon-willy-1.png\",\"width\":512,\"height\":512,\"caption\":\"Willy Padel\"},\"image\":{\"@id\":\"https:\\\/\\\/willypadel.com\\\/#\\\/schema\\\/logo\\\/image\\\/\"},\"sameAs\":[\"https:\\\/\\\/www.facebook.com\\\/willypadelstore\\\/\",\"https:\\\/\\\/www.instagram.com\\\/willypadelstore\\\/\"]}]}<\/script>\n<!-- \/ Yoast SEO plugin. -->","yoast_head_json":{"title":"POSTER PADEL COURT GREEN MATT POSTER | Ropa de P\u00e1del Original | Camisetas, Sudaderas y P\u00f3sters","robots":{"index":"index","follow":"follow","max-snippet":"max-snippet:-1","max-image-preview":"max-image-preview:large","max-video-preview":"max-video-preview:-1"},"canonical":"https:\/\/willypadel.com\/en\/product\/padel-court-print-green\/","og_locale":"es_ES","og_type":"article","og_title":"POSTER PADEL COURT GREEN MATT POSTER | Ropa de P\u00e1del Original | Camisetas, Sudaderas y P\u00f3sters","og_description":"A2 Size 420 x 594 mm","og_url":"https:\/\/willypadel.com\/en\/product\/padel-court-print-green\/","og_site_name":"Ropa de P\u00e1del Original | Camisetas, Sudaderas y P\u00f3sters","article_publisher":"https:\/\/www.facebook.com\/willypadelstore\/","article_modified_time":"2025-12-26T10:19:43+00:00","og_image":[{"width":2000,"height":2000,"url":"https:\/\/willypadel.com\/wp-content\/uploads\/2021\/01\/VERDE-PISTA-PADEL-MOCKUP-ESTANTE.avif","type":"image\/jpeg"}],"twitter_card":"summary_large_image","schema":{"@context":"https:\/\/schema.org","@graph":[{"@type":"WebPage","@id":"https:\/\/willypadel.com\/en\/product\/padel-court-print-green\/","url":"https:\/\/willypadel.com\/en\/product\/padel-court-print-green\/","name":"POSTER PADEL COURT GREEN MATT POSTER | Ropa de P\u00e1del Original | Camisetas, Sudaderas y P\u00f3sters","isPartOf":{"@id":"https:\/\/willypadel.com\/#website"},"primaryImageOfPage":{"@id":"https:\/\/willypadel.com\/en\/product\/padel-court-print-green\/#primaryimage"},"image":{"@id":"https:\/\/willypadel.com\/en\/product\/padel-court-print-green\/#primaryimage"},"thumbnailUrl":"https:\/\/willypadel.com\/wp-content\/uploads\/2021\/01\/VERDE-PISTA-PADEL-MOCKUP-ESTANTE.avif","datePublished":"2021-01-06T08:58:51+00:00","dateModified":"2025-12-26T10:19:43+00:00","breadcrumb":{"@id":"https:\/\/willypadel.com\/en\/product\/padel-court-print-green\/#breadcrumb"},"inLanguage":"es","potentialAction":[{"@type":"ReadAction","target":["https:\/\/willypadel.com\/en\/product\/padel-court-print-green\/"]}]},{"@type":"ImageObject","inLanguage":"es","@id":"https:\/\/willypadel.com\/en\/product\/padel-court-print-green\/#primaryimage","url":"https:\/\/willypadel.com\/wp-content\/uploads\/2021\/01\/VERDE-PISTA-PADEL-MOCKUP-ESTANTE.avif","contentUrl":"https:\/\/willypadel.com\/wp-content\/uploads\/2021\/01\/VERDE-PISTA-PADEL-MOCKUP-ESTANTE.avif","width":2000,"height":2000},{"@type":"BreadcrumbList","@id":"https:\/\/willypadel.com\/en\/product\/padel-court-print-green\/#breadcrumb","itemListElement":[{"@type":"ListItem","position":1,"name":"Portada","item":"https:\/\/willypadel.com\/"},{"@type":"ListItem","position":2,"name":"Padel Store","item":"https:\/\/willypadel.com\/tienda-padel\/"},{"@type":"ListItem","position":3,"name":"POSTER PADEL COURT GREEN MATT POSTER"}]},{"@type":"WebSite","@id":"https:\/\/willypadel.com\/#website","url":"https:\/\/willypadel.com\/","name":"Willy Padel","description":"Ropa de p\u00e1del original y t\u00e9cnica dise\u00f1ada por jugadores. Camisetas, sudaderas y p\u00f3sters #WeArePadel.","publisher":{"@id":"https:\/\/willypadel.com\/#organization"},"alternateName":"WillyPadel","potentialAction":[{"@type":"SearchAction","target":{"@type":"EntryPoint","urlTemplate":"https:\/\/willypadel.com\/?s={search_term_string}"},"query-input":{"@type":"PropertyValueSpecification","valueRequired":true,"valueName":"search_term_string"}}],"inLanguage":"es"},{"@type":"Organization","@id":"https:\/\/willypadel.com\/#organization","name":"Willy Padel","alternateName":"WillyPadel","url":"https:\/\/willypadel.com\/","logo":{"@type":"ImageObject","inLanguage":"es","@id":"https:\/\/willypadel.com\/#\/schema\/logo\/image\/","url":"https:\/\/willypadel.com\/wp-content\/uploads\/2024\/08\/cropped-favicon-willy-1.png","contentUrl":"https:\/\/willypadel.com\/wp-content\/uploads\/2024\/08\/cropped-favicon-willy-1.png","width":512,"height":512,"caption":"Willy Padel"},"image":{"@id":"https:\/\/willypadel.com\/#\/schema\/logo\/image\/"},"sameAs":["https:\/\/www.facebook.com\/willypadelstore\/","https:\/\/www.instagram.com\/willypadelstore\/"]}]}},"jetpack_sharing_enabled":true,"_links":{"self":[{"href":"https:\/\/willypadel.com\/es\/wp-json\/wp\/v2\/product\/950","targetHints":{"allow":["GET"]}}],"collection":[{"href":"https:\/\/willypadel.com\/es\/wp-json\/wp\/v2\/product"}],"about":[{"href":"https:\/\/willypadel.com\/es\/wp-json\/wp\/v2\/types\/product"}],"replies":[{"embeddable":true,"href":"https:\/\/willypadel.com\/es\/wp-json\/wp\/v2\/comments?post=950"}],"wp:featuredmedia":[{"embeddable":true,"href":"https:\/\/willypadel.com\/es\/wp-json\/wp\/v2\/media\/945"}],"wp:attachment":[{"href":"https:\/\/willypadel.com\/es\/wp-json\/wp\/v2\/media?parent=950"}],"wp:term":[{"taxonomy":"product_brand","embeddable":true,"href":"https:\/\/willypadel.com\/es\/wp-json\/wp\/v2\/product_brand?post=950"},{"taxonomy":"product_cat","embeddable":true,"href":"https:\/\/willypadel.com\/es\/wp-json\/wp\/v2\/product_cat?post=950"},{"taxonomy":"product_tag","embeddable":true,"href":"https:\/\/willypadel.com\/es\/wp-json\/wp\/v2\/product_tag?post=950"}],"curies":[{"name":"wp","href":"https:\/\/api.w.org\/{rel}","templated":true}]}}