{"id":907,"date":"2021-01-05T08:57:27","date_gmt":"2021-01-05T07:57:27","guid":{"rendered":"https:\/\/willypadel.com\/shop\/uncategorized\/import-placeholder-for-padel903w\/"},"modified":"2022-05-21T08:54:23","modified_gmt":"2022-05-21T07:54:23","slug":"padel-tshirt-light-blue","status":"publish","type":"product","link":"https:\/\/willypadel.com\/es\/product\/padel-tshirt-light-blue\/","title":{"rendered":"Padel tshirt light blue"},"content":{"rendered":"<h1>Padel tshirt light blue<\/h1>\n<p>T-shirt with rounded collar. With DRY MX, a technology capable of controlling the sportsperson&#8217;s perspiration.<br \/>\nRounded neck.\u00a0MICRO MESH technology for a better breathability. Fabric: 100% Polyester Interlock; 145 grms<\/p>\n","protected":false},"excerpt":{"rendered":"<p>WE ARE PADEL<\/p>\n","protected":false},"featured_media":894,"comment_status":"closed","ping_status":"closed","template":"","meta":[],"product_brand":[],"product_cat":[297,295,178],"product_tag":[199],"class_list":{"0":"post-907","1":"product","2":"type-product","3":"status-publish","4":"has-post-thumbnail","6":"product_cat-training","7":"product_cat-tshirts","8":"product_cat-women","9":"product_tag-we-are-padel","11":"first","12":"instock","13":"featured","14":"shipping-taxable","15":"purchasable","16":"product-type-variable","17":"has-default-attributes"},"yoast_head":"<!-- This site is optimized with the Yoast SEO plugin v27.4 - https:\/\/yoast.com\/product\/yoast-seo-wordpress\/ -->\n<title>Padel tshirt light blue | Ropa de P\u00e1del Original | Camisetas, Sudaderas y P\u00f3sters<\/title>\n<meta name=\"robots\" content=\"index, follow, max-snippet:-1, max-image-preview:large, max-video-preview:-1\" \/>\n<link rel=\"canonical\" href=\"https:\/\/willypadel.com\/en\/product\/padel-tshirt-light-blue\/\" \/>\n<meta property=\"og:locale\" content=\"es_ES\" \/>\n<meta property=\"og:type\" content=\"article\" \/>\n<meta property=\"og:title\" content=\"Padel tshirt light blue | Ropa de P\u00e1del Original | Camisetas, Sudaderas y P\u00f3sters\" \/>\n<meta property=\"og:description\" content=\"WE ARE PADEL\" \/>\n<meta property=\"og:url\" content=\"https:\/\/willypadel.com\/en\/product\/padel-tshirt-light-blue\/\" \/>\n<meta property=\"og:site_name\" content=\"Ropa de P\u00e1del Original | Camisetas, Sudaderas y P\u00f3sters\" \/>\n<meta property=\"article:publisher\" content=\"https:\/\/www.facebook.com\/willypadelstore\/\" \/>\n<meta property=\"article:modified_time\" content=\"2022-05-21T07:54:23+00:00\" \/>\n<meta property=\"og:image\" content=\"https:\/\/willypadel.com\/wp-content\/uploads\/2021\/01\/WILLYPADEL-WOMAN.avif\" \/>\n\t<meta property=\"og:image:width\" content=\"1400\" \/>\n\t<meta property=\"og:image:height\" content=\"1400\" \/>\n\t<meta property=\"og:image:type\" content=\"image\/jpeg\" \/>\n<meta name=\"twitter:card\" content=\"summary_large_image\" \/>\n<script type=\"application\/ld+json\" class=\"yoast-schema-graph\">{\"@context\":\"https:\\\/\\\/schema.org\",\"@graph\":[{\"@type\":\"WebPage\",\"@id\":\"https:\\\/\\\/willypadel.com\\\/en\\\/product\\\/padel-tshirt-light-blue\\\/\",\"url\":\"https:\\\/\\\/willypadel.com\\\/en\\\/product\\\/padel-tshirt-light-blue\\\/\",\"name\":\"Padel tshirt light blue | Ropa de P\u00e1del Original | Camisetas, Sudaderas y P\u00f3sters\",\"isPartOf\":{\"@id\":\"https:\\\/\\\/willypadel.com\\\/#website\"},\"primaryImageOfPage\":{\"@id\":\"https:\\\/\\\/willypadel.com\\\/en\\\/product\\\/padel-tshirt-light-blue\\\/#primaryimage\"},\"image\":{\"@id\":\"https:\\\/\\\/willypadel.com\\\/en\\\/product\\\/padel-tshirt-light-blue\\\/#primaryimage\"},\"thumbnailUrl\":\"https:\\\/\\\/willypadel.com\\\/wp-content\\\/uploads\\\/2021\\\/01\\\/WILLYPADEL-WOMAN.avif\",\"datePublished\":\"2021-01-05T07:57:27+00:00\",\"dateModified\":\"2022-05-21T07:54:23+00:00\",\"breadcrumb\":{\"@id\":\"https:\\\/\\\/willypadel.com\\\/en\\\/product\\\/padel-tshirt-light-blue\\\/#breadcrumb\"},\"inLanguage\":\"es\",\"potentialAction\":[{\"@type\":\"ReadAction\",\"target\":[\"https:\\\/\\\/willypadel.com\\\/en\\\/product\\\/padel-tshirt-light-blue\\\/\"]}]},{\"@type\":\"ImageObject\",\"inLanguage\":\"es\",\"@id\":\"https:\\\/\\\/willypadel.com\\\/en\\\/product\\\/padel-tshirt-light-blue\\\/#primaryimage\",\"url\":\"https:\\\/\\\/willypadel.com\\\/wp-content\\\/uploads\\\/2021\\\/01\\\/WILLYPADEL-WOMAN.avif\",\"contentUrl\":\"https:\\\/\\\/willypadel.com\\\/wp-content\\\/uploads\\\/2021\\\/01\\\/WILLYPADEL-WOMAN.avif\",\"width\":1400,\"height\":1400},{\"@type\":\"BreadcrumbList\",\"@id\":\"https:\\\/\\\/willypadel.com\\\/en\\\/product\\\/padel-tshirt-light-blue\\\/#breadcrumb\",\"itemListElement\":[{\"@type\":\"ListItem\",\"position\":1,\"name\":\"Portada\",\"item\":\"https:\\\/\\\/willypadel.com\\\/\"},{\"@type\":\"ListItem\",\"position\":2,\"name\":\"Padel Store\",\"item\":\"https:\\\/\\\/willypadel.com\\\/tienda-padel\\\/\"},{\"@type\":\"ListItem\",\"position\":3,\"name\":\"Padel tshirt light blue\"}]},{\"@type\":\"WebSite\",\"@id\":\"https:\\\/\\\/willypadel.com\\\/#website\",\"url\":\"https:\\\/\\\/willypadel.com\\\/\",\"name\":\"Willy Padel\",\"description\":\"Ropa de p\u00e1del original y t\u00e9cnica dise\u00f1ada por jugadores. Camisetas, sudaderas y p\u00f3sters #WeArePadel.\",\"publisher\":{\"@id\":\"https:\\\/\\\/willypadel.com\\\/#organization\"},\"alternateName\":\"WillyPadel\",\"potentialAction\":[{\"@type\":\"SearchAction\",\"target\":{\"@type\":\"EntryPoint\",\"urlTemplate\":\"https:\\\/\\\/willypadel.com\\\/?s={search_term_string}\"},\"query-input\":{\"@type\":\"PropertyValueSpecification\",\"valueRequired\":true,\"valueName\":\"search_term_string\"}}],\"inLanguage\":\"es\"},{\"@type\":\"Organization\",\"@id\":\"https:\\\/\\\/willypadel.com\\\/#organization\",\"name\":\"Willy Padel\",\"alternateName\":\"WillyPadel\",\"url\":\"https:\\\/\\\/willypadel.com\\\/\",\"logo\":{\"@type\":\"ImageObject\",\"inLanguage\":\"es\",\"@id\":\"https:\\\/\\\/willypadel.com\\\/#\\\/schema\\\/logo\\\/image\\\/\",\"url\":\"https:\\\/\\\/willypadel.com\\\/wp-content\\\/uploads\\\/2024\\\/08\\\/cropped-favicon-willy-1.png\",\"contentUrl\":\"https:\\\/\\\/willypadel.com\\\/wp-content\\\/uploads\\\/2024\\\/08\\\/cropped-favicon-willy-1.png\",\"width\":512,\"height\":512,\"caption\":\"Willy Padel\"},\"image\":{\"@id\":\"https:\\\/\\\/willypadel.com\\\/#\\\/schema\\\/logo\\\/image\\\/\"},\"sameAs\":[\"https:\\\/\\\/www.facebook.com\\\/willypadelstore\\\/\",\"https:\\\/\\\/www.instagram.com\\\/willypadelstore\\\/\"]}]}<\/script>\n<!-- \/ Yoast SEO plugin. -->","yoast_head_json":{"title":"Padel tshirt light blue | Ropa de P\u00e1del Original | Camisetas, Sudaderas y P\u00f3sters","robots":{"index":"index","follow":"follow","max-snippet":"max-snippet:-1","max-image-preview":"max-image-preview:large","max-video-preview":"max-video-preview:-1"},"canonical":"https:\/\/willypadel.com\/en\/product\/padel-tshirt-light-blue\/","og_locale":"es_ES","og_type":"article","og_title":"Padel tshirt light blue | Ropa de P\u00e1del Original | Camisetas, Sudaderas y P\u00f3sters","og_description":"WE ARE PADEL","og_url":"https:\/\/willypadel.com\/en\/product\/padel-tshirt-light-blue\/","og_site_name":"Ropa de P\u00e1del Original | Camisetas, Sudaderas y P\u00f3sters","article_publisher":"https:\/\/www.facebook.com\/willypadelstore\/","article_modified_time":"2022-05-21T07:54:23+00:00","og_image":[{"width":1400,"height":1400,"url":"https:\/\/willypadel.com\/wp-content\/uploads\/2021\/01\/WILLYPADEL-WOMAN.avif","type":"image\/jpeg"}],"twitter_card":"summary_large_image","schema":{"@context":"https:\/\/schema.org","@graph":[{"@type":"WebPage","@id":"https:\/\/willypadel.com\/en\/product\/padel-tshirt-light-blue\/","url":"https:\/\/willypadel.com\/en\/product\/padel-tshirt-light-blue\/","name":"Padel tshirt light blue | Ropa de P\u00e1del Original | Camisetas, Sudaderas y P\u00f3sters","isPartOf":{"@id":"https:\/\/willypadel.com\/#website"},"primaryImageOfPage":{"@id":"https:\/\/willypadel.com\/en\/product\/padel-tshirt-light-blue\/#primaryimage"},"image":{"@id":"https:\/\/willypadel.com\/en\/product\/padel-tshirt-light-blue\/#primaryimage"},"thumbnailUrl":"https:\/\/willypadel.com\/wp-content\/uploads\/2021\/01\/WILLYPADEL-WOMAN.avif","datePublished":"2021-01-05T07:57:27+00:00","dateModified":"2022-05-21T07:54:23+00:00","breadcrumb":{"@id":"https:\/\/willypadel.com\/en\/product\/padel-tshirt-light-blue\/#breadcrumb"},"inLanguage":"es","potentialAction":[{"@type":"ReadAction","target":["https:\/\/willypadel.com\/en\/product\/padel-tshirt-light-blue\/"]}]},{"@type":"ImageObject","inLanguage":"es","@id":"https:\/\/willypadel.com\/en\/product\/padel-tshirt-light-blue\/#primaryimage","url":"https:\/\/willypadel.com\/wp-content\/uploads\/2021\/01\/WILLYPADEL-WOMAN.avif","contentUrl":"https:\/\/willypadel.com\/wp-content\/uploads\/2021\/01\/WILLYPADEL-WOMAN.avif","width":1400,"height":1400},{"@type":"BreadcrumbList","@id":"https:\/\/willypadel.com\/en\/product\/padel-tshirt-light-blue\/#breadcrumb","itemListElement":[{"@type":"ListItem","position":1,"name":"Portada","item":"https:\/\/willypadel.com\/"},{"@type":"ListItem","position":2,"name":"Padel Store","item":"https:\/\/willypadel.com\/tienda-padel\/"},{"@type":"ListItem","position":3,"name":"Padel tshirt light blue"}]},{"@type":"WebSite","@id":"https:\/\/willypadel.com\/#website","url":"https:\/\/willypadel.com\/","name":"Willy Padel","description":"Ropa de p\u00e1del original y t\u00e9cnica dise\u00f1ada por jugadores. Camisetas, sudaderas y p\u00f3sters #WeArePadel.","publisher":{"@id":"https:\/\/willypadel.com\/#organization"},"alternateName":"WillyPadel","potentialAction":[{"@type":"SearchAction","target":{"@type":"EntryPoint","urlTemplate":"https:\/\/willypadel.com\/?s={search_term_string}"},"query-input":{"@type":"PropertyValueSpecification","valueRequired":true,"valueName":"search_term_string"}}],"inLanguage":"es"},{"@type":"Organization","@id":"https:\/\/willypadel.com\/#organization","name":"Willy Padel","alternateName":"WillyPadel","url":"https:\/\/willypadel.com\/","logo":{"@type":"ImageObject","inLanguage":"es","@id":"https:\/\/willypadel.com\/#\/schema\/logo\/image\/","url":"https:\/\/willypadel.com\/wp-content\/uploads\/2024\/08\/cropped-favicon-willy-1.png","contentUrl":"https:\/\/willypadel.com\/wp-content\/uploads\/2024\/08\/cropped-favicon-willy-1.png","width":512,"height":512,"caption":"Willy Padel"},"image":{"@id":"https:\/\/willypadel.com\/#\/schema\/logo\/image\/"},"sameAs":["https:\/\/www.facebook.com\/willypadelstore\/","https:\/\/www.instagram.com\/willypadelstore\/"]}]}},"jetpack_sharing_enabled":true,"_links":{"self":[{"href":"https:\/\/willypadel.com\/es\/wp-json\/wp\/v2\/product\/907","targetHints":{"allow":["GET"]}}],"collection":[{"href":"https:\/\/willypadel.com\/es\/wp-json\/wp\/v2\/product"}],"about":[{"href":"https:\/\/willypadel.com\/es\/wp-json\/wp\/v2\/types\/product"}],"replies":[{"embeddable":true,"href":"https:\/\/willypadel.com\/es\/wp-json\/wp\/v2\/comments?post=907"}],"wp:featuredmedia":[{"embeddable":true,"href":"https:\/\/willypadel.com\/es\/wp-json\/wp\/v2\/media\/894"}],"wp:attachment":[{"href":"https:\/\/willypadel.com\/es\/wp-json\/wp\/v2\/media?parent=907"}],"wp:term":[{"taxonomy":"product_brand","embeddable":true,"href":"https:\/\/willypadel.com\/es\/wp-json\/wp\/v2\/product_brand?post=907"},{"taxonomy":"product_cat","embeddable":true,"href":"https:\/\/willypadel.com\/es\/wp-json\/wp\/v2\/product_cat?post=907"},{"taxonomy":"product_tag","embeddable":true,"href":"https:\/\/willypadel.com\/es\/wp-json\/wp\/v2\/product_tag?post=907"}],"curies":[{"name":"wp","href":"https:\/\/api.w.org\/{rel}","templated":true}]}}