{"id":383,"date":"2020-12-25T10:38:37","date_gmt":"2020-12-25T09:38:37","guid":{"rendered":"https:\/\/willypadel.com\/?post_type=product&#038;p=383"},"modified":"2025-09-14T12:10:07","modified_gmt":"2025-09-14T11:10:07","slug":"hoodie-padel-black","status":"publish","type":"product","link":"https:\/\/willypadel.com\/es\/product\/hoodie-padel-black\/","title":{"rendered":"HOODIE PADEL BLACK"},"content":{"rendered":"<h1>HOODIE PADEL BLACK<\/h1>\n<p>Two-coloured hoodie with double fabric, adjustable draw cord in contrast, reinforced covered seams in collar and kangaroo style pocket, 1&#215;1 rib elastane in cuffs and waistband.<br \/>\nTo practice sports or for your day to day. With the Urban sweatshirt you will be comfortable without losing your style.<\/p>\n","protected":false},"excerpt":{"rendered":"<p>The \u00abHoodie Padel Black\u00bb is a unisex black hoodie with an urban design. It features a double-layer hood, a contrasting drawstring, reinforced stitching, a kangaroo pocket, and 1&#215;1 ribbed cuffs and waistband with elastane. This hoodie is suitable for sports or daily wear, offering both comfort and style. It is available in sizes ranging from XS to XXXL.<\/p>\n","protected":false},"featured_media":1345,"comment_status":"open","ping_status":"closed","template":"","meta":[],"product_brand":[],"product_cat":[198,177,21],"product_tag":[185,183,184],"class_list":{"0":"post-383","1":"product","2":"type-product","3":"status-publish","4":"has-post-thumbnail","6":"product_cat-hoodies","7":"product_cat-men","8":"product_cat-unisex","9":"product_tag-hoodie","10":"product_tag-logo-padel","11":"product_tag-padel","13":"first","14":"instock","15":"featured","16":"shipping-taxable","17":"purchasable","18":"product-type-variable","19":"has-default-attributes"},"yoast_head":"<!-- This site is optimized with the Yoast SEO plugin v27.4 - https:\/\/yoast.com\/product\/yoast-seo-wordpress\/ -->\n<title>HOODIE PADEL BLACK | Ropa de P\u00e1del Original | Camisetas, Sudaderas y P\u00f3sters<\/title>\n<meta name=\"robots\" content=\"index, follow, max-snippet:-1, max-image-preview:large, max-video-preview:-1\" \/>\n<link rel=\"canonical\" href=\"https:\/\/willypadel.com\/en\/product\/hoodie-padel-black\/\" \/>\n<meta property=\"og:locale\" content=\"es_ES\" \/>\n<meta property=\"og:type\" content=\"article\" \/>\n<meta property=\"og:title\" content=\"HOODIE PADEL BLACK | Ropa de P\u00e1del Original | Camisetas, Sudaderas y P\u00f3sters\" \/>\n<meta property=\"og:description\" content=\"The &quot;Hoodie Padel Black&quot; is a unisex black hoodie with an urban design. It features a double-layer hood, a contrasting drawstring, reinforced stitching, a kangaroo pocket, and 1x1 ribbed cuffs and waistband with elastane. This hoodie is suitable for sports or daily wear, offering both comfort and style. It is available in sizes ranging from XS to XXXL.\" \/>\n<meta property=\"og:url\" content=\"https:\/\/willypadel.com\/en\/product\/hoodie-padel-black\/\" \/>\n<meta property=\"og:site_name\" content=\"Ropa de P\u00e1del Original | Camisetas, Sudaderas y P\u00f3sters\" \/>\n<meta property=\"article:publisher\" content=\"https:\/\/www.facebook.com\/willypadelstore\/\" \/>\n<meta property=\"article:modified_time\" content=\"2025-09-14T11:10:07+00:00\" \/>\n<meta property=\"og:image\" content=\"https:\/\/willypadel.com\/wp-content\/uploads\/2020\/12\/SUDADERA-CAPUCHA-NEGRA-WEB-1.avif\" \/>\n\t<meta property=\"og:image:width\" content=\"1400\" \/>\n\t<meta property=\"og:image:height\" content=\"1683\" \/>\n\t<meta property=\"og:image:type\" content=\"image\/jpeg\" \/>\n<meta name=\"twitter:card\" content=\"summary_large_image\" \/>\n<script type=\"application\/ld+json\" class=\"yoast-schema-graph\">{\"@context\":\"https:\\\/\\\/schema.org\",\"@graph\":[{\"@type\":\"WebPage\",\"@id\":\"https:\\\/\\\/willypadel.com\\\/en\\\/product\\\/hoodie-padel-black\\\/\",\"url\":\"https:\\\/\\\/willypadel.com\\\/en\\\/product\\\/hoodie-padel-black\\\/\",\"name\":\"HOODIE PADEL BLACK | Ropa de P\u00e1del Original | Camisetas, Sudaderas y P\u00f3sters\",\"isPartOf\":{\"@id\":\"https:\\\/\\\/willypadel.com\\\/#website\"},\"primaryImageOfPage\":{\"@id\":\"https:\\\/\\\/willypadel.com\\\/en\\\/product\\\/hoodie-padel-black\\\/#primaryimage\"},\"image\":{\"@id\":\"https:\\\/\\\/willypadel.com\\\/en\\\/product\\\/hoodie-padel-black\\\/#primaryimage\"},\"thumbnailUrl\":\"https:\\\/\\\/willypadel.com\\\/wp-content\\\/uploads\\\/2020\\\/12\\\/SUDADERA-CAPUCHA-NEGRA-WEB-1.avif\",\"datePublished\":\"2020-12-25T09:38:37+00:00\",\"dateModified\":\"2025-09-14T11:10:07+00:00\",\"breadcrumb\":{\"@id\":\"https:\\\/\\\/willypadel.com\\\/en\\\/product\\\/hoodie-padel-black\\\/#breadcrumb\"},\"inLanguage\":\"es\",\"potentialAction\":[{\"@type\":\"ReadAction\",\"target\":[\"https:\\\/\\\/willypadel.com\\\/en\\\/product\\\/hoodie-padel-black\\\/\"]}]},{\"@type\":\"ImageObject\",\"inLanguage\":\"es\",\"@id\":\"https:\\\/\\\/willypadel.com\\\/en\\\/product\\\/hoodie-padel-black\\\/#primaryimage\",\"url\":\"https:\\\/\\\/willypadel.com\\\/wp-content\\\/uploads\\\/2020\\\/12\\\/SUDADERA-CAPUCHA-NEGRA-WEB-1.avif\",\"contentUrl\":\"https:\\\/\\\/willypadel.com\\\/wp-content\\\/uploads\\\/2020\\\/12\\\/SUDADERA-CAPUCHA-NEGRA-WEB-1.avif\",\"width\":1400,\"height\":1683},{\"@type\":\"BreadcrumbList\",\"@id\":\"https:\\\/\\\/willypadel.com\\\/en\\\/product\\\/hoodie-padel-black\\\/#breadcrumb\",\"itemListElement\":[{\"@type\":\"ListItem\",\"position\":1,\"name\":\"Portada\",\"item\":\"https:\\\/\\\/willypadel.com\\\/\"},{\"@type\":\"ListItem\",\"position\":2,\"name\":\"Padel Store\",\"item\":\"https:\\\/\\\/willypadel.com\\\/tienda-padel\\\/\"},{\"@type\":\"ListItem\",\"position\":3,\"name\":\"HOODIE PADEL BLACK\"}]},{\"@type\":\"WebSite\",\"@id\":\"https:\\\/\\\/willypadel.com\\\/#website\",\"url\":\"https:\\\/\\\/willypadel.com\\\/\",\"name\":\"Willy Padel\",\"description\":\"Ropa de p\u00e1del original y t\u00e9cnica dise\u00f1ada por jugadores. Camisetas, sudaderas y p\u00f3sters #WeArePadel.\",\"publisher\":{\"@id\":\"https:\\\/\\\/willypadel.com\\\/#organization\"},\"alternateName\":\"WillyPadel\",\"potentialAction\":[{\"@type\":\"SearchAction\",\"target\":{\"@type\":\"EntryPoint\",\"urlTemplate\":\"https:\\\/\\\/willypadel.com\\\/?s={search_term_string}\"},\"query-input\":{\"@type\":\"PropertyValueSpecification\",\"valueRequired\":true,\"valueName\":\"search_term_string\"}}],\"inLanguage\":\"es\"},{\"@type\":\"Organization\",\"@id\":\"https:\\\/\\\/willypadel.com\\\/#organization\",\"name\":\"Willy Padel\",\"alternateName\":\"WillyPadel\",\"url\":\"https:\\\/\\\/willypadel.com\\\/\",\"logo\":{\"@type\":\"ImageObject\",\"inLanguage\":\"es\",\"@id\":\"https:\\\/\\\/willypadel.com\\\/#\\\/schema\\\/logo\\\/image\\\/\",\"url\":\"https:\\\/\\\/willypadel.com\\\/wp-content\\\/uploads\\\/2024\\\/08\\\/cropped-favicon-willy-1.png\",\"contentUrl\":\"https:\\\/\\\/willypadel.com\\\/wp-content\\\/uploads\\\/2024\\\/08\\\/cropped-favicon-willy-1.png\",\"width\":512,\"height\":512,\"caption\":\"Willy Padel\"},\"image\":{\"@id\":\"https:\\\/\\\/willypadel.com\\\/#\\\/schema\\\/logo\\\/image\\\/\"},\"sameAs\":[\"https:\\\/\\\/www.facebook.com\\\/willypadelstore\\\/\",\"https:\\\/\\\/www.instagram.com\\\/willypadelstore\\\/\"]}]}<\/script>\n<!-- \/ Yoast SEO plugin. -->","yoast_head_json":{"title":"HOODIE PADEL BLACK | Ropa de P\u00e1del Original | Camisetas, Sudaderas y P\u00f3sters","robots":{"index":"index","follow":"follow","max-snippet":"max-snippet:-1","max-image-preview":"max-image-preview:large","max-video-preview":"max-video-preview:-1"},"canonical":"https:\/\/willypadel.com\/en\/product\/hoodie-padel-black\/","og_locale":"es_ES","og_type":"article","og_title":"HOODIE PADEL BLACK | Ropa de P\u00e1del Original | Camisetas, Sudaderas y P\u00f3sters","og_description":"The \"Hoodie Padel Black\" is a unisex black hoodie with an urban design. It features a double-layer hood, a contrasting drawstring, reinforced stitching, a kangaroo pocket, and 1x1 ribbed cuffs and waistband with elastane. This hoodie is suitable for sports or daily wear, offering both comfort and style. It is available in sizes ranging from XS to XXXL.","og_url":"https:\/\/willypadel.com\/en\/product\/hoodie-padel-black\/","og_site_name":"Ropa de P\u00e1del Original | Camisetas, Sudaderas y P\u00f3sters","article_publisher":"https:\/\/www.facebook.com\/willypadelstore\/","article_modified_time":"2025-09-14T11:10:07+00:00","og_image":[{"width":1400,"height":1683,"url":"https:\/\/willypadel.com\/wp-content\/uploads\/2020\/12\/SUDADERA-CAPUCHA-NEGRA-WEB-1.avif","type":"image\/jpeg"}],"twitter_card":"summary_large_image","schema":{"@context":"https:\/\/schema.org","@graph":[{"@type":"WebPage","@id":"https:\/\/willypadel.com\/en\/product\/hoodie-padel-black\/","url":"https:\/\/willypadel.com\/en\/product\/hoodie-padel-black\/","name":"HOODIE PADEL BLACK | Ropa de P\u00e1del Original | Camisetas, Sudaderas y P\u00f3sters","isPartOf":{"@id":"https:\/\/willypadel.com\/#website"},"primaryImageOfPage":{"@id":"https:\/\/willypadel.com\/en\/product\/hoodie-padel-black\/#primaryimage"},"image":{"@id":"https:\/\/willypadel.com\/en\/product\/hoodie-padel-black\/#primaryimage"},"thumbnailUrl":"https:\/\/willypadel.com\/wp-content\/uploads\/2020\/12\/SUDADERA-CAPUCHA-NEGRA-WEB-1.avif","datePublished":"2020-12-25T09:38:37+00:00","dateModified":"2025-09-14T11:10:07+00:00","breadcrumb":{"@id":"https:\/\/willypadel.com\/en\/product\/hoodie-padel-black\/#breadcrumb"},"inLanguage":"es","potentialAction":[{"@type":"ReadAction","target":["https:\/\/willypadel.com\/en\/product\/hoodie-padel-black\/"]}]},{"@type":"ImageObject","inLanguage":"es","@id":"https:\/\/willypadel.com\/en\/product\/hoodie-padel-black\/#primaryimage","url":"https:\/\/willypadel.com\/wp-content\/uploads\/2020\/12\/SUDADERA-CAPUCHA-NEGRA-WEB-1.avif","contentUrl":"https:\/\/willypadel.com\/wp-content\/uploads\/2020\/12\/SUDADERA-CAPUCHA-NEGRA-WEB-1.avif","width":1400,"height":1683},{"@type":"BreadcrumbList","@id":"https:\/\/willypadel.com\/en\/product\/hoodie-padel-black\/#breadcrumb","itemListElement":[{"@type":"ListItem","position":1,"name":"Portada","item":"https:\/\/willypadel.com\/"},{"@type":"ListItem","position":2,"name":"Padel Store","item":"https:\/\/willypadel.com\/tienda-padel\/"},{"@type":"ListItem","position":3,"name":"HOODIE PADEL BLACK"}]},{"@type":"WebSite","@id":"https:\/\/willypadel.com\/#website","url":"https:\/\/willypadel.com\/","name":"Willy Padel","description":"Ropa de p\u00e1del original y t\u00e9cnica dise\u00f1ada por jugadores. Camisetas, sudaderas y p\u00f3sters #WeArePadel.","publisher":{"@id":"https:\/\/willypadel.com\/#organization"},"alternateName":"WillyPadel","potentialAction":[{"@type":"SearchAction","target":{"@type":"EntryPoint","urlTemplate":"https:\/\/willypadel.com\/?s={search_term_string}"},"query-input":{"@type":"PropertyValueSpecification","valueRequired":true,"valueName":"search_term_string"}}],"inLanguage":"es"},{"@type":"Organization","@id":"https:\/\/willypadel.com\/#organization","name":"Willy Padel","alternateName":"WillyPadel","url":"https:\/\/willypadel.com\/","logo":{"@type":"ImageObject","inLanguage":"es","@id":"https:\/\/willypadel.com\/#\/schema\/logo\/image\/","url":"https:\/\/willypadel.com\/wp-content\/uploads\/2024\/08\/cropped-favicon-willy-1.png","contentUrl":"https:\/\/willypadel.com\/wp-content\/uploads\/2024\/08\/cropped-favicon-willy-1.png","width":512,"height":512,"caption":"Willy Padel"},"image":{"@id":"https:\/\/willypadel.com\/#\/schema\/logo\/image\/"},"sameAs":["https:\/\/www.facebook.com\/willypadelstore\/","https:\/\/www.instagram.com\/willypadelstore\/"]}]}},"jetpack_sharing_enabled":true,"_links":{"self":[{"href":"https:\/\/willypadel.com\/es\/wp-json\/wp\/v2\/product\/383","targetHints":{"allow":["GET"]}}],"collection":[{"href":"https:\/\/willypadel.com\/es\/wp-json\/wp\/v2\/product"}],"about":[{"href":"https:\/\/willypadel.com\/es\/wp-json\/wp\/v2\/types\/product"}],"replies":[{"embeddable":true,"href":"https:\/\/willypadel.com\/es\/wp-json\/wp\/v2\/comments?post=383"}],"wp:featuredmedia":[{"embeddable":true,"href":"https:\/\/willypadel.com\/es\/wp-json\/wp\/v2\/media\/1345"}],"wp:attachment":[{"href":"https:\/\/willypadel.com\/es\/wp-json\/wp\/v2\/media?parent=383"}],"wp:term":[{"taxonomy":"product_brand","embeddable":true,"href":"https:\/\/willypadel.com\/es\/wp-json\/wp\/v2\/product_brand?post=383"},{"taxonomy":"product_cat","embeddable":true,"href":"https:\/\/willypadel.com\/es\/wp-json\/wp\/v2\/product_cat?post=383"},{"taxonomy":"product_tag","embeddable":true,"href":"https:\/\/willypadel.com\/es\/wp-json\/wp\/v2\/product_tag?post=383"}],"curies":[{"name":"wp","href":"https:\/\/api.w.org\/{rel}","templated":true}]}}