{"id":1770,"date":"2021-03-24T09:00:41","date_gmt":"2021-03-24T08:00:41","guid":{"rendered":"https:\/\/willypadel.com\/?post_type=product&#038;p=1770"},"modified":"2024-11-03T09:39:41","modified_gmt":"2024-11-03T08:39:41","slug":"padel-court-v-2-0","status":"publish","type":"product","link":"https:\/\/willypadel.com\/es\/product\/padel-court-v-2-0\/","title":{"rendered":"COURT V.2.0"},"content":{"rendered":"<h1>Padel Court V.2.0<\/h1>\n<p>Single jersey 100% organic ring-spun combed cotton. 180 G\/M\u00b2.Set-in sleeve &#8211; 1&#215;1 rib at neck collar &#8211; Inside back neck tape in self fabric &#8211; Sleeve hem and bottom hem with wide double needle topstitch.<\/p>\n","protected":false},"excerpt":{"rendered":"<p>Padel Court v.2.0<\/p>\n","protected":false},"featured_media":1774,"comment_status":"open","ping_status":"closed","template":"","meta":[],"product_brand":[],"product_cat":[15,186,177,209,295,21,178],"product_tag":[326,293,203,294,291,292,208],"class_list":{"0":"post-1770","1":"product","2":"type-product","3":"status-publish","4":"has-post-thumbnail","6":"product_cat-all","7":"product_cat-kids","8":"product_cat-men","9":"product_cat-organic","10":"product_cat-tshirts","11":"product_cat-unisex","12":"product_cat-women","13":"product_tag-all","14":"product_tag-cotton","15":"product_tag-court","16":"product_tag-organic","17":"product_tag-padel-court","18":"product_tag-tennis","19":"product_tag-tshirt","21":"first","22":"instock","23":"featured","24":"shipping-taxable","25":"purchasable","26":"product-type-variable","27":"has-default-attributes"},"yoast_head":"<!-- This site is optimized with the Yoast SEO plugin v27.4 - https:\/\/yoast.com\/product\/yoast-seo-wordpress\/ -->\n<title>COURT V.2.0 | Ropa de P\u00e1del Original | Camisetas, Sudaderas y P\u00f3sters<\/title>\n<meta name=\"robots\" content=\"index, follow, max-snippet:-1, max-image-preview:large, max-video-preview:-1\" \/>\n<link rel=\"canonical\" href=\"https:\/\/willypadel.com\/en\/product\/padel-court-v-2-0\/\" \/>\n<meta property=\"og:locale\" content=\"es_ES\" \/>\n<meta property=\"og:type\" content=\"article\" \/>\n<meta property=\"og:title\" content=\"COURT V.2.0 | Ropa de P\u00e1del Original | Camisetas, Sudaderas y P\u00f3sters\" \/>\n<meta property=\"og:description\" content=\"Padel Court v.2.0\" \/>\n<meta property=\"og:url\" content=\"https:\/\/willypadel.com\/en\/product\/padel-court-v-2-0\/\" \/>\n<meta property=\"og:site_name\" content=\"Ropa de P\u00e1del Original | Camisetas, Sudaderas y P\u00f3sters\" \/>\n<meta property=\"article:publisher\" content=\"https:\/\/www.facebook.com\/willypadelstore\/\" \/>\n<meta property=\"article:modified_time\" content=\"2024-11-03T08:39:41+00:00\" \/>\n<meta property=\"og:image\" content=\"https:\/\/willypadel.com\/wp-content\/uploads\/2021\/03\/pista-horizontal-v2-scaled.avif\" \/>\n\t<meta property=\"og:image:width\" content=\"2560\" \/>\n\t<meta property=\"og:image:height\" content=\"2560\" \/>\n\t<meta property=\"og:image:type\" content=\"image\/jpeg\" \/>\n<meta name=\"twitter:card\" content=\"summary_large_image\" \/>\n<script type=\"application\/ld+json\" class=\"yoast-schema-graph\">{\"@context\":\"https:\\\/\\\/schema.org\",\"@graph\":[{\"@type\":\"WebPage\",\"@id\":\"https:\\\/\\\/willypadel.com\\\/en\\\/product\\\/padel-court-v-2-0\\\/\",\"url\":\"https:\\\/\\\/willypadel.com\\\/en\\\/product\\\/padel-court-v-2-0\\\/\",\"name\":\"COURT V.2.0 | Ropa de P\u00e1del Original | Camisetas, Sudaderas y P\u00f3sters\",\"isPartOf\":{\"@id\":\"https:\\\/\\\/willypadel.com\\\/#website\"},\"primaryImageOfPage\":{\"@id\":\"https:\\\/\\\/willypadel.com\\\/en\\\/product\\\/padel-court-v-2-0\\\/#primaryimage\"},\"image\":{\"@id\":\"https:\\\/\\\/willypadel.com\\\/en\\\/product\\\/padel-court-v-2-0\\\/#primaryimage\"},\"thumbnailUrl\":\"https:\\\/\\\/willypadel.com\\\/wp-content\\\/uploads\\\/2021\\\/03\\\/pista-horizontal-v2-scaled.avif\",\"datePublished\":\"2021-03-24T08:00:41+00:00\",\"dateModified\":\"2024-11-03T08:39:41+00:00\",\"breadcrumb\":{\"@id\":\"https:\\\/\\\/willypadel.com\\\/en\\\/product\\\/padel-court-v-2-0\\\/#breadcrumb\"},\"inLanguage\":\"es\",\"potentialAction\":[{\"@type\":\"ReadAction\",\"target\":[\"https:\\\/\\\/willypadel.com\\\/en\\\/product\\\/padel-court-v-2-0\\\/\"]}]},{\"@type\":\"ImageObject\",\"inLanguage\":\"es\",\"@id\":\"https:\\\/\\\/willypadel.com\\\/en\\\/product\\\/padel-court-v-2-0\\\/#primaryimage\",\"url\":\"https:\\\/\\\/willypadel.com\\\/wp-content\\\/uploads\\\/2021\\\/03\\\/pista-horizontal-v2-scaled.avif\",\"contentUrl\":\"https:\\\/\\\/willypadel.com\\\/wp-content\\\/uploads\\\/2021\\\/03\\\/pista-horizontal-v2-scaled.avif\",\"width\":2560,\"height\":2560},{\"@type\":\"BreadcrumbList\",\"@id\":\"https:\\\/\\\/willypadel.com\\\/en\\\/product\\\/padel-court-v-2-0\\\/#breadcrumb\",\"itemListElement\":[{\"@type\":\"ListItem\",\"position\":1,\"name\":\"Portada\",\"item\":\"https:\\\/\\\/willypadel.com\\\/\"},{\"@type\":\"ListItem\",\"position\":2,\"name\":\"Padel Store\",\"item\":\"https:\\\/\\\/willypadel.com\\\/tienda-padel\\\/\"},{\"@type\":\"ListItem\",\"position\":3,\"name\":\"COURT V.2.0\"}]},{\"@type\":\"WebSite\",\"@id\":\"https:\\\/\\\/willypadel.com\\\/#website\",\"url\":\"https:\\\/\\\/willypadel.com\\\/\",\"name\":\"Willy Padel\",\"description\":\"Ropa de p\u00e1del original y t\u00e9cnica dise\u00f1ada por jugadores. Camisetas, sudaderas y p\u00f3sters #WeArePadel.\",\"publisher\":{\"@id\":\"https:\\\/\\\/willypadel.com\\\/#organization\"},\"alternateName\":\"WillyPadel\",\"potentialAction\":[{\"@type\":\"SearchAction\",\"target\":{\"@type\":\"EntryPoint\",\"urlTemplate\":\"https:\\\/\\\/willypadel.com\\\/?s={search_term_string}\"},\"query-input\":{\"@type\":\"PropertyValueSpecification\",\"valueRequired\":true,\"valueName\":\"search_term_string\"}}],\"inLanguage\":\"es\"},{\"@type\":\"Organization\",\"@id\":\"https:\\\/\\\/willypadel.com\\\/#organization\",\"name\":\"Willy Padel\",\"alternateName\":\"WillyPadel\",\"url\":\"https:\\\/\\\/willypadel.com\\\/\",\"logo\":{\"@type\":\"ImageObject\",\"inLanguage\":\"es\",\"@id\":\"https:\\\/\\\/willypadel.com\\\/#\\\/schema\\\/logo\\\/image\\\/\",\"url\":\"https:\\\/\\\/willypadel.com\\\/wp-content\\\/uploads\\\/2024\\\/08\\\/cropped-favicon-willy-1.png\",\"contentUrl\":\"https:\\\/\\\/willypadel.com\\\/wp-content\\\/uploads\\\/2024\\\/08\\\/cropped-favicon-willy-1.png\",\"width\":512,\"height\":512,\"caption\":\"Willy Padel\"},\"image\":{\"@id\":\"https:\\\/\\\/willypadel.com\\\/#\\\/schema\\\/logo\\\/image\\\/\"},\"sameAs\":[\"https:\\\/\\\/www.facebook.com\\\/willypadelstore\\\/\",\"https:\\\/\\\/www.instagram.com\\\/willypadelstore\\\/\"]}]}<\/script>\n<!-- \/ Yoast SEO plugin. -->","yoast_head_json":{"title":"COURT V.2.0 | Ropa de P\u00e1del Original | Camisetas, Sudaderas y P\u00f3sters","robots":{"index":"index","follow":"follow","max-snippet":"max-snippet:-1","max-image-preview":"max-image-preview:large","max-video-preview":"max-video-preview:-1"},"canonical":"https:\/\/willypadel.com\/en\/product\/padel-court-v-2-0\/","og_locale":"es_ES","og_type":"article","og_title":"COURT V.2.0 | Ropa de P\u00e1del Original | Camisetas, Sudaderas y P\u00f3sters","og_description":"Padel Court v.2.0","og_url":"https:\/\/willypadel.com\/en\/product\/padel-court-v-2-0\/","og_site_name":"Ropa de P\u00e1del Original | Camisetas, Sudaderas y P\u00f3sters","article_publisher":"https:\/\/www.facebook.com\/willypadelstore\/","article_modified_time":"2024-11-03T08:39:41+00:00","og_image":[{"width":2560,"height":2560,"url":"https:\/\/willypadel.com\/wp-content\/uploads\/2021\/03\/pista-horizontal-v2-scaled.avif","type":"image\/jpeg"}],"twitter_card":"summary_large_image","schema":{"@context":"https:\/\/schema.org","@graph":[{"@type":"WebPage","@id":"https:\/\/willypadel.com\/en\/product\/padel-court-v-2-0\/","url":"https:\/\/willypadel.com\/en\/product\/padel-court-v-2-0\/","name":"COURT V.2.0 | Ropa de P\u00e1del Original | Camisetas, Sudaderas y P\u00f3sters","isPartOf":{"@id":"https:\/\/willypadel.com\/#website"},"primaryImageOfPage":{"@id":"https:\/\/willypadel.com\/en\/product\/padel-court-v-2-0\/#primaryimage"},"image":{"@id":"https:\/\/willypadel.com\/en\/product\/padel-court-v-2-0\/#primaryimage"},"thumbnailUrl":"https:\/\/willypadel.com\/wp-content\/uploads\/2021\/03\/pista-horizontal-v2-scaled.avif","datePublished":"2021-03-24T08:00:41+00:00","dateModified":"2024-11-03T08:39:41+00:00","breadcrumb":{"@id":"https:\/\/willypadel.com\/en\/product\/padel-court-v-2-0\/#breadcrumb"},"inLanguage":"es","potentialAction":[{"@type":"ReadAction","target":["https:\/\/willypadel.com\/en\/product\/padel-court-v-2-0\/"]}]},{"@type":"ImageObject","inLanguage":"es","@id":"https:\/\/willypadel.com\/en\/product\/padel-court-v-2-0\/#primaryimage","url":"https:\/\/willypadel.com\/wp-content\/uploads\/2021\/03\/pista-horizontal-v2-scaled.avif","contentUrl":"https:\/\/willypadel.com\/wp-content\/uploads\/2021\/03\/pista-horizontal-v2-scaled.avif","width":2560,"height":2560},{"@type":"BreadcrumbList","@id":"https:\/\/willypadel.com\/en\/product\/padel-court-v-2-0\/#breadcrumb","itemListElement":[{"@type":"ListItem","position":1,"name":"Portada","item":"https:\/\/willypadel.com\/"},{"@type":"ListItem","position":2,"name":"Padel Store","item":"https:\/\/willypadel.com\/tienda-padel\/"},{"@type":"ListItem","position":3,"name":"COURT V.2.0"}]},{"@type":"WebSite","@id":"https:\/\/willypadel.com\/#website","url":"https:\/\/willypadel.com\/","name":"Willy Padel","description":"Ropa de p\u00e1del original y t\u00e9cnica dise\u00f1ada por jugadores. Camisetas, sudaderas y p\u00f3sters #WeArePadel.","publisher":{"@id":"https:\/\/willypadel.com\/#organization"},"alternateName":"WillyPadel","potentialAction":[{"@type":"SearchAction","target":{"@type":"EntryPoint","urlTemplate":"https:\/\/willypadel.com\/?s={search_term_string}"},"query-input":{"@type":"PropertyValueSpecification","valueRequired":true,"valueName":"search_term_string"}}],"inLanguage":"es"},{"@type":"Organization","@id":"https:\/\/willypadel.com\/#organization","name":"Willy Padel","alternateName":"WillyPadel","url":"https:\/\/willypadel.com\/","logo":{"@type":"ImageObject","inLanguage":"es","@id":"https:\/\/willypadel.com\/#\/schema\/logo\/image\/","url":"https:\/\/willypadel.com\/wp-content\/uploads\/2024\/08\/cropped-favicon-willy-1.png","contentUrl":"https:\/\/willypadel.com\/wp-content\/uploads\/2024\/08\/cropped-favicon-willy-1.png","width":512,"height":512,"caption":"Willy Padel"},"image":{"@id":"https:\/\/willypadel.com\/#\/schema\/logo\/image\/"},"sameAs":["https:\/\/www.facebook.com\/willypadelstore\/","https:\/\/www.instagram.com\/willypadelstore\/"]}]}},"jetpack_sharing_enabled":true,"_links":{"self":[{"href":"https:\/\/willypadel.com\/es\/wp-json\/wp\/v2\/product\/1770","targetHints":{"allow":["GET"]}}],"collection":[{"href":"https:\/\/willypadel.com\/es\/wp-json\/wp\/v2\/product"}],"about":[{"href":"https:\/\/willypadel.com\/es\/wp-json\/wp\/v2\/types\/product"}],"replies":[{"embeddable":true,"href":"https:\/\/willypadel.com\/es\/wp-json\/wp\/v2\/comments?post=1770"}],"wp:featuredmedia":[{"embeddable":true,"href":"https:\/\/willypadel.com\/es\/wp-json\/wp\/v2\/media\/1774"}],"wp:attachment":[{"href":"https:\/\/willypadel.com\/es\/wp-json\/wp\/v2\/media?parent=1770"}],"wp:term":[{"taxonomy":"product_brand","embeddable":true,"href":"https:\/\/willypadel.com\/es\/wp-json\/wp\/v2\/product_brand?post=1770"},{"taxonomy":"product_cat","embeddable":true,"href":"https:\/\/willypadel.com\/es\/wp-json\/wp\/v2\/product_cat?post=1770"},{"taxonomy":"product_tag","embeddable":true,"href":"https:\/\/willypadel.com\/es\/wp-json\/wp\/v2\/product_tag?post=1770"}],"curies":[{"name":"wp","href":"https:\/\/api.w.org\/{rel}","templated":true}]}}