{"id":1282,"date":"2021-02-19T09:18:00","date_gmt":"2021-02-19T08:18:00","guid":{"rendered":"https:\/\/willypadel.com\/shop\/uncategorized\/import-placeholder-for-wap206\/"},"modified":"2024-11-03T09:39:55","modified_gmt":"2024-11-03T08:39:55","slug":"we-are-padel-15","status":"publish","type":"product","link":"https:\/\/willypadel.com\/es\/product\/we-are-padel-15\/","title":{"rendered":"We are padel"},"content":{"rendered":"<h1>We are padel<\/h1>\n<p>T-shirt with rounded collar. With DRY MX, a technology capable of controlling the sportsperson&#8217;s perspiration.<br \/>\nRounded neck.\u00a0MICRO MESH technology for a better breathability. Fabric: 100% Polyester Interlock; 145 grms<\/p>\n","protected":false},"excerpt":{"rendered":"<p>WE ARE PADEL<\/p>\n","protected":false},"featured_media":1333,"comment_status":"closed","ping_status":"closed","template":"","meta":[],"product_brand":[],"product_cat":[15,177,297,295,21],"product_tag":[326,219,184,208],"class_list":{"0":"post-1282","1":"product","2":"type-product","3":"status-publish","4":"has-post-thumbnail","6":"product_cat-all","7":"product_cat-men","8":"product_cat-training","9":"product_cat-tshirts","10":"product_cat-unisex","11":"product_tag-all","12":"product_tag-navy-blue","13":"product_tag-padel","14":"product_tag-tshirt","16":"first","17":"instock","18":"featured","19":"shipping-taxable","20":"purchasable","21":"product-type-variable","22":"has-default-attributes"},"yoast_head":"<!-- This site is optimized with the Yoast SEO plugin v27.4 - https:\/\/yoast.com\/product\/yoast-seo-wordpress\/ -->\n<title>We are padel | Ropa de P\u00e1del Original | Camisetas, Sudaderas y P\u00f3sters<\/title>\n<meta name=\"robots\" content=\"index, follow, max-snippet:-1, max-image-preview:large, max-video-preview:-1\" \/>\n<link rel=\"canonical\" href=\"https:\/\/willypadel.com\/en\/product\/we-are-padel-15\/\" \/>\n<meta property=\"og:locale\" content=\"es_ES\" \/>\n<meta property=\"og:type\" content=\"article\" \/>\n<meta property=\"og:title\" content=\"We are padel | Ropa de P\u00e1del Original | Camisetas, Sudaderas y P\u00f3sters\" \/>\n<meta property=\"og:description\" content=\"WE ARE PADEL\" \/>\n<meta property=\"og:url\" content=\"https:\/\/willypadel.com\/en\/product\/we-are-padel-15\/\" \/>\n<meta property=\"og:site_name\" content=\"Ropa de P\u00e1del Original | Camisetas, Sudaderas y P\u00f3sters\" \/>\n<meta property=\"article:publisher\" content=\"https:\/\/www.facebook.com\/willypadelstore\/\" \/>\n<meta property=\"article:modified_time\" content=\"2024-11-03T08:39:55+00:00\" \/>\n<meta property=\"og:image\" content=\"https:\/\/willypadel.com\/wp-content\/uploads\/2021\/02\/TECNICA-NAVY-WE-ARE-PADEL.avif\" \/>\n\t<meta property=\"og:image:width\" content=\"2500\" \/>\n\t<meta property=\"og:image:height\" content=\"2500\" \/>\n\t<meta property=\"og:image:type\" content=\"image\/png\" \/>\n<meta name=\"twitter:card\" content=\"summary_large_image\" \/>\n<script type=\"application\/ld+json\" class=\"yoast-schema-graph\">{\"@context\":\"https:\\\/\\\/schema.org\",\"@graph\":[{\"@type\":\"WebPage\",\"@id\":\"https:\\\/\\\/willypadel.com\\\/en\\\/product\\\/we-are-padel-15\\\/\",\"url\":\"https:\\\/\\\/willypadel.com\\\/en\\\/product\\\/we-are-padel-15\\\/\",\"name\":\"We are padel | Ropa de P\u00e1del Original | Camisetas, Sudaderas y P\u00f3sters\",\"isPartOf\":{\"@id\":\"https:\\\/\\\/willypadel.com\\\/#website\"},\"primaryImageOfPage\":{\"@id\":\"https:\\\/\\\/willypadel.com\\\/en\\\/product\\\/we-are-padel-15\\\/#primaryimage\"},\"image\":{\"@id\":\"https:\\\/\\\/willypadel.com\\\/en\\\/product\\\/we-are-padel-15\\\/#primaryimage\"},\"thumbnailUrl\":\"https:\\\/\\\/willypadel.com\\\/wp-content\\\/uploads\\\/2021\\\/02\\\/TECNICA-NAVY-WE-ARE-PADEL.avif\",\"datePublished\":\"2021-02-19T08:18:00+00:00\",\"dateModified\":\"2024-11-03T08:39:55+00:00\",\"breadcrumb\":{\"@id\":\"https:\\\/\\\/willypadel.com\\\/en\\\/product\\\/we-are-padel-15\\\/#breadcrumb\"},\"inLanguage\":\"es\",\"potentialAction\":[{\"@type\":\"ReadAction\",\"target\":[\"https:\\\/\\\/willypadel.com\\\/en\\\/product\\\/we-are-padel-15\\\/\"]}]},{\"@type\":\"ImageObject\",\"inLanguage\":\"es\",\"@id\":\"https:\\\/\\\/willypadel.com\\\/en\\\/product\\\/we-are-padel-15\\\/#primaryimage\",\"url\":\"https:\\\/\\\/willypadel.com\\\/wp-content\\\/uploads\\\/2021\\\/02\\\/TECNICA-NAVY-WE-ARE-PADEL.avif\",\"contentUrl\":\"https:\\\/\\\/willypadel.com\\\/wp-content\\\/uploads\\\/2021\\\/02\\\/TECNICA-NAVY-WE-ARE-PADEL.avif\",\"width\":2500,\"height\":2500},{\"@type\":\"BreadcrumbList\",\"@id\":\"https:\\\/\\\/willypadel.com\\\/en\\\/product\\\/we-are-padel-15\\\/#breadcrumb\",\"itemListElement\":[{\"@type\":\"ListItem\",\"position\":1,\"name\":\"Portada\",\"item\":\"https:\\\/\\\/willypadel.com\\\/\"},{\"@type\":\"ListItem\",\"position\":2,\"name\":\"Padel Store\",\"item\":\"https:\\\/\\\/willypadel.com\\\/tienda-padel\\\/\"},{\"@type\":\"ListItem\",\"position\":3,\"name\":\"We are padel\"}]},{\"@type\":\"WebSite\",\"@id\":\"https:\\\/\\\/willypadel.com\\\/#website\",\"url\":\"https:\\\/\\\/willypadel.com\\\/\",\"name\":\"Willy Padel\",\"description\":\"Ropa de p\u00e1del original y t\u00e9cnica dise\u00f1ada por jugadores. Camisetas, sudaderas y p\u00f3sters #WeArePadel.\",\"publisher\":{\"@id\":\"https:\\\/\\\/willypadel.com\\\/#organization\"},\"alternateName\":\"WillyPadel\",\"potentialAction\":[{\"@type\":\"SearchAction\",\"target\":{\"@type\":\"EntryPoint\",\"urlTemplate\":\"https:\\\/\\\/willypadel.com\\\/?s={search_term_string}\"},\"query-input\":{\"@type\":\"PropertyValueSpecification\",\"valueRequired\":true,\"valueName\":\"search_term_string\"}}],\"inLanguage\":\"es\"},{\"@type\":\"Organization\",\"@id\":\"https:\\\/\\\/willypadel.com\\\/#organization\",\"name\":\"Willy Padel\",\"alternateName\":\"WillyPadel\",\"url\":\"https:\\\/\\\/willypadel.com\\\/\",\"logo\":{\"@type\":\"ImageObject\",\"inLanguage\":\"es\",\"@id\":\"https:\\\/\\\/willypadel.com\\\/#\\\/schema\\\/logo\\\/image\\\/\",\"url\":\"https:\\\/\\\/willypadel.com\\\/wp-content\\\/uploads\\\/2024\\\/08\\\/cropped-favicon-willy-1.png\",\"contentUrl\":\"https:\\\/\\\/willypadel.com\\\/wp-content\\\/uploads\\\/2024\\\/08\\\/cropped-favicon-willy-1.png\",\"width\":512,\"height\":512,\"caption\":\"Willy Padel\"},\"image\":{\"@id\":\"https:\\\/\\\/willypadel.com\\\/#\\\/schema\\\/logo\\\/image\\\/\"},\"sameAs\":[\"https:\\\/\\\/www.facebook.com\\\/willypadelstore\\\/\",\"https:\\\/\\\/www.instagram.com\\\/willypadelstore\\\/\"]}]}<\/script>\n<!-- \/ Yoast SEO plugin. -->","yoast_head_json":{"title":"We are padel | Ropa de P\u00e1del Original | Camisetas, Sudaderas y P\u00f3sters","robots":{"index":"index","follow":"follow","max-snippet":"max-snippet:-1","max-image-preview":"max-image-preview:large","max-video-preview":"max-video-preview:-1"},"canonical":"https:\/\/willypadel.com\/en\/product\/we-are-padel-15\/","og_locale":"es_ES","og_type":"article","og_title":"We are padel | Ropa de P\u00e1del Original | Camisetas, Sudaderas y P\u00f3sters","og_description":"WE ARE PADEL","og_url":"https:\/\/willypadel.com\/en\/product\/we-are-padel-15\/","og_site_name":"Ropa de P\u00e1del Original | Camisetas, Sudaderas y P\u00f3sters","article_publisher":"https:\/\/www.facebook.com\/willypadelstore\/","article_modified_time":"2024-11-03T08:39:55+00:00","og_image":[{"width":2500,"height":2500,"url":"https:\/\/willypadel.com\/wp-content\/uploads\/2021\/02\/TECNICA-NAVY-WE-ARE-PADEL.avif","type":"image\/png"}],"twitter_card":"summary_large_image","schema":{"@context":"https:\/\/schema.org","@graph":[{"@type":"WebPage","@id":"https:\/\/willypadel.com\/en\/product\/we-are-padel-15\/","url":"https:\/\/willypadel.com\/en\/product\/we-are-padel-15\/","name":"We are padel | Ropa de P\u00e1del Original | Camisetas, Sudaderas y P\u00f3sters","isPartOf":{"@id":"https:\/\/willypadel.com\/#website"},"primaryImageOfPage":{"@id":"https:\/\/willypadel.com\/en\/product\/we-are-padel-15\/#primaryimage"},"image":{"@id":"https:\/\/willypadel.com\/en\/product\/we-are-padel-15\/#primaryimage"},"thumbnailUrl":"https:\/\/willypadel.com\/wp-content\/uploads\/2021\/02\/TECNICA-NAVY-WE-ARE-PADEL.avif","datePublished":"2021-02-19T08:18:00+00:00","dateModified":"2024-11-03T08:39:55+00:00","breadcrumb":{"@id":"https:\/\/willypadel.com\/en\/product\/we-are-padel-15\/#breadcrumb"},"inLanguage":"es","potentialAction":[{"@type":"ReadAction","target":["https:\/\/willypadel.com\/en\/product\/we-are-padel-15\/"]}]},{"@type":"ImageObject","inLanguage":"es","@id":"https:\/\/willypadel.com\/en\/product\/we-are-padel-15\/#primaryimage","url":"https:\/\/willypadel.com\/wp-content\/uploads\/2021\/02\/TECNICA-NAVY-WE-ARE-PADEL.avif","contentUrl":"https:\/\/willypadel.com\/wp-content\/uploads\/2021\/02\/TECNICA-NAVY-WE-ARE-PADEL.avif","width":2500,"height":2500},{"@type":"BreadcrumbList","@id":"https:\/\/willypadel.com\/en\/product\/we-are-padel-15\/#breadcrumb","itemListElement":[{"@type":"ListItem","position":1,"name":"Portada","item":"https:\/\/willypadel.com\/"},{"@type":"ListItem","position":2,"name":"Padel Store","item":"https:\/\/willypadel.com\/tienda-padel\/"},{"@type":"ListItem","position":3,"name":"We are padel"}]},{"@type":"WebSite","@id":"https:\/\/willypadel.com\/#website","url":"https:\/\/willypadel.com\/","name":"Willy Padel","description":"Ropa de p\u00e1del original y t\u00e9cnica dise\u00f1ada por jugadores. Camisetas, sudaderas y p\u00f3sters #WeArePadel.","publisher":{"@id":"https:\/\/willypadel.com\/#organization"},"alternateName":"WillyPadel","potentialAction":[{"@type":"SearchAction","target":{"@type":"EntryPoint","urlTemplate":"https:\/\/willypadel.com\/?s={search_term_string}"},"query-input":{"@type":"PropertyValueSpecification","valueRequired":true,"valueName":"search_term_string"}}],"inLanguage":"es"},{"@type":"Organization","@id":"https:\/\/willypadel.com\/#organization","name":"Willy Padel","alternateName":"WillyPadel","url":"https:\/\/willypadel.com\/","logo":{"@type":"ImageObject","inLanguage":"es","@id":"https:\/\/willypadel.com\/#\/schema\/logo\/image\/","url":"https:\/\/willypadel.com\/wp-content\/uploads\/2024\/08\/cropped-favicon-willy-1.png","contentUrl":"https:\/\/willypadel.com\/wp-content\/uploads\/2024\/08\/cropped-favicon-willy-1.png","width":512,"height":512,"caption":"Willy Padel"},"image":{"@id":"https:\/\/willypadel.com\/#\/schema\/logo\/image\/"},"sameAs":["https:\/\/www.facebook.com\/willypadelstore\/","https:\/\/www.instagram.com\/willypadelstore\/"]}]}},"jetpack_sharing_enabled":true,"_links":{"self":[{"href":"https:\/\/willypadel.com\/es\/wp-json\/wp\/v2\/product\/1282","targetHints":{"allow":["GET"]}}],"collection":[{"href":"https:\/\/willypadel.com\/es\/wp-json\/wp\/v2\/product"}],"about":[{"href":"https:\/\/willypadel.com\/es\/wp-json\/wp\/v2\/types\/product"}],"replies":[{"embeddable":true,"href":"https:\/\/willypadel.com\/es\/wp-json\/wp\/v2\/comments?post=1282"}],"wp:featuredmedia":[{"embeddable":true,"href":"https:\/\/willypadel.com\/es\/wp-json\/wp\/v2\/media\/1333"}],"wp:attachment":[{"href":"https:\/\/willypadel.com\/es\/wp-json\/wp\/v2\/media?parent=1282"}],"wp:term":[{"taxonomy":"product_brand","embeddable":true,"href":"https:\/\/willypadel.com\/es\/wp-json\/wp\/v2\/product_brand?post=1282"},{"taxonomy":"product_cat","embeddable":true,"href":"https:\/\/willypadel.com\/es\/wp-json\/wp\/v2\/product_cat?post=1282"},{"taxonomy":"product_tag","embeddable":true,"href":"https:\/\/willypadel.com\/es\/wp-json\/wp\/v2\/product_tag?post=1282"}],"curies":[{"name":"wp","href":"https:\/\/api.w.org\/{rel}","templated":true}]}}