{"id":2021,"date":"2022-08-03T07:54:43","date_gmt":"2022-08-03T06:54:43","guid":{"rendered":"https:\/\/willypadel.com\/terminos-y-condiciones\/"},"modified":"2024-04-11T14:24:35","modified_gmt":"2024-04-11T13:24:35","slug":"terminos-y-condiciones","status":"publish","type":"page","link":"https:\/\/willypadel.com\/es\/terminos-y-condiciones\/","title":{"rendered":"T\u00e9rminos y condiciones"},"content":{"rendered":"<div class=\"wpb-content-wrapper\">[vc_row][vc_column width=\u00bb2\/3&#8243;][vc_column_text css=\u00bb.vc_custom_1659510322638{padding-bottom: 2vh !important;}\u00bb]\n<h2>T\u00e9rminos y condiciones<\/h2>\n[\/vc_column_text][vc_column_text]<strong>Condiciones generales<\/strong><\/p>\n<p>El presente documento, junto con los documentos mencionados en el mismo, establece las condiciones por las que se regula el uso del sitio web www.WillyPadel.com (en adelante, la Web) y la compra de productos en el mismo (en adelante, las Condiciones). Al utilizar este sitio web o realizar un pedido a trav\u00e9s de \u00e9l, usted acepta someterse a todas las condiciones descritas en la secci\u00f3n legal del sitio web, por lo que si no est\u00e1 de acuerdo con todas las condiciones expuestas, no debe utilizar este sitio web.<\/p>\n<p>Estas Condiciones pueden ser modificadas. Es su responsabilidad leerlas peri\u00f3dicamente, ya que se aplicar\u00e1n las que est\u00e9n vigentes en el momento de realizar los pedidos o, en su defecto, en el momento de utilizar el sitio web.<\/p>\n<p><strong>Uso del sitio web<\/strong><\/p>\n<p>Este sitio web est\u00e1 destinado a la venta online de productos y servicios y se regir\u00e1 por las condiciones que aparecen en el apartado legal de este sitio web.<\/p>\n<p>Todos los productos que aparecen en el sitio web est\u00e1n disponibles para su venta, excepto aquellos sujetos a existencias limitadas, ofertas, etc.<\/p>\n<p>Puede ocurrir que haya roturas de stock por compras masivas y que por razones operativas esta situaci\u00f3n no se refleje correctamente en la web, por lo que el plazo de entrega puede retrasarse, tal y como se refleja en las condiciones de entrega<\/p>\n<p><strong>Garant\u00edas<\/strong><\/p>\n<p>La garant\u00eda legal de los productos ofrecidos por Willy Padel es la establecida en el Real Decreto Legislativo 1\/2007, de 16 de noviembre. Para cualquier reclamaci\u00f3n relacionada con la garant\u00eda del producto, el cliente debe notificar su insatisfacci\u00f3n en un plazo de 30 d\u00edas<\/p>\n<p>La garant\u00eda legal de los productos personalizados estar\u00e1 limitada en funci\u00f3n del soporte, la t\u00e9cnica de personalizaci\u00f3n, el uso y la calidad. En todo momento el cliente podr\u00e1 ver la garant\u00eda media de la personalizaci\u00f3n a trav\u00e9s de las fichas t\u00e9cnicas disponibles. Si consideras que la calidad o garant\u00eda de tu personalizaci\u00f3n no es la que esperabas puedes enviar un correo electr\u00f3nico a: hola@Willy Padel.com informando de la situaci\u00f3n de insatisfacci\u00f3n<\/p>\n<p><strong>Pedidos y disponibilidad<\/strong><\/p>\n<p>Todos los pedidos est\u00e1n sujetos a la disponibilidad del producto. Si en el momento de la emisi\u00f3n del pedido detectamos que no hay stock en nuestros almacenes de alguno de los productos incluidos en el mismo, Willy Padel intentar\u00e1 localizar la prenda. Si esto no es posible, el cliente ser\u00e1 notificado inmediatamente. Adem\u00e1s, el importe del art\u00edculo recogido y no enviado ser\u00e1 abonado en los d\u00edas siguientes al cliente, por el mismo medio de pago utilizado en la compra.<\/p>\n<p>-.-<\/p>\n<p>Posibilidad de bono descuento para el art\u00edculo que no tenemos disponibilidad m\u00e1s porcentaje de regalo<\/p>\n<p>Controlamos diariamente nuestras existencias, pero podemos tener errores, (rotura de stock de \u00faltima hora) y por ello, Willy Padel ofrece a todos los clientes la oferta de validar el\/los art\u00edculo\/s que no podamos servir, canje\u00e1ndolos por un beneficio de bono \u00absin caducidad\u00bb m\u00e1s un 3% adicional a la cantidad no servida.<\/p>\n<p>-.-<\/p>\n<p>Willy Padel puede cancelar cualquier pedido o no aceptar un pedido confirmado por los siguientes motivos:<\/p>\n<p>En caso de producirse un error t\u00e9cnico y\/o tipogr\u00e1fico en los precios u otros datos de los productos contenidos en el sitio web en el momento de realizar el pedido.<\/p>\n<p>Debido a la falta de disponibilidad descrita en el apartado anterior.<br \/>\nCuando los sistemas de seguridad indican que el pedido puede ser fraudulento.<br \/>\nPara situaciones en las que el pedido no ha podido ser entregado en la direcci\u00f3n indicada en el pedido.<\/p>\n<p>En todas estas circunstancias, Willy Padel abonar\u00e1 el importe previamente pagado<\/p>\n<p><strong>Precios y pagos<\/strong><\/p>\n<p><strong>Todos los precios indicados en el sitio web no incluyen el IVA<\/strong><\/p>\n<p>Los precios pueden cambiar en cualquier momento, pero los posibles cambios no afectar\u00e1n a los pedidos para los que ya le hayamos enviado una confirmaci\u00f3n de pedido.<\/p>\n<p><strong>Los medios de pago ser\u00e1n los siguientes:<\/strong><\/p>\n<p>Tarjetas de cr\u00e9dito y d\u00e9bito a trav\u00e9s de Stripe (Pago Seguro)<br \/>\nLa seguridad, garant\u00eda y eficacia del pago a trav\u00e9s de plataformas electr\u00f3nicas ser\u00e1 establecida por los proveedores de las mismas<\/p>\n<p><strong>Facturaci\u00f3n<\/strong><\/p>\n<p>De acuerdo con lo establecido en el art\u00edculo 68 de la Ley 37\/1992, de 28 de diciembre, del Impuesto sobre el Valor A\u00f1adido, la entrega de los art\u00edculos se entender\u00e1 localizada en el territorio de aplicaci\u00f3n del IVA espa\u00f1ol si la direcci\u00f3n de entrega se encuentra en territorio espa\u00f1ol a excepci\u00f3n de Canarias, Ceuta y Melilla. El tipo de IVA aplicable ser\u00e1 el legalmente vigente en cada momento en funci\u00f3n del art\u00edculo concreto de que se trate.<\/p>\n<p>En los pedidos con destino a Canarias, Ceuta y Melilla, las entregas estar\u00e1n exentas de IVA por aplicaci\u00f3n de lo dispuesto en el art\u00edculo 21 de la Ley 37\/1992, sin perjuicio de la aplicaci\u00f3n de los impuestos y aranceles correspondientes de acuerdo con la normativa vigente en cada uno de estos territorios.<\/p>\n<p>Usted autoriza expresamente a Willy Padel a emitir la factura en formato electr\u00f3nico, aunque puede indicar en cualquier momento su deseo de recibir una factura en papel, en cuyo caso, emitiremos y enviaremos la factura en ese formato.<\/p>\n<p><strong>Ley aplicable y foro<\/strong><\/p>\n<p>Las presentes Condiciones Generales se regir\u00e1n e interpretar\u00e1n de acuerdo con la legislaci\u00f3n espa\u00f1ola en aquello que no est\u00e9 expresamente establecido. Las partes se comprometen a intentar resolver cualquier discrepancia y\/o conflicto que pueda surgir en relaci\u00f3n con este contrato mediante negociaciones de buena fe.<\/p>\n<p>A falta de acuerdo amistoso, las partes se someten expresa y voluntariamente a los tribunales de Barcelona para resolver cualquier controversia que pueda surgir en relaci\u00f3n con la interpretaci\u00f3n y aplicaci\u00f3n del presente contrato, con exclusi\u00f3n expresa de cualquier otro fuero que pudiera corresponderles.<\/p>\n<p><strong>Dise\u00f1o<\/strong><br \/>\nEst\u00e1 prohibido copiar, reproducir o divulgar sin previo consentimiento de los autores de las camisetas, sudaderas, accesorios, cuadros y dise\u00f1os. Todos los dise\u00f1os tienen derechos de autor de sus respectivos propietarios.[\/vc_column_text][\/vc_column][vc_column width=\u00bb1\/3&#8243;][\/vc_column][\/vc_row]\n<\/div>","protected":false},"excerpt":{"rendered":"<p>[vc_row][vc_column width=\u00bb2\/3&#8243;][vc_column_text css=\u00bb.vc_custom_1659510322638{padding-bottom: 2vh !important;}\u00bb] T\u00e9rminos y condiciones [\/vc_column_text][vc_column_text]Condiciones generales El presente documento, junto con los documentos mencionados en el mismo, establece las condiciones por&hellip;<\/p>\n","protected":false},"author":1,"featured_media":0,"parent":0,"menu_order":0,"comment_status":"closed","ping_status":"closed","template":"","meta":{"footnotes":""},"class_list":["post-2021","page","type-page","status-publish","hentry"],"jetpack_shortlink":"https:\/\/wp.me\/PcF1D8-wB","jetpack_sharing_enabled":true,"_links":{"self":[{"href":"https:\/\/willypadel.com\/es\/wp-json\/wp\/v2\/pages\/2021","targetHints":{"allow":["GET"]}}],"collection":[{"href":"https:\/\/willypadel.com\/es\/wp-json\/wp\/v2\/pages"}],"about":[{"href":"https:\/\/willypadel.com\/es\/wp-json\/wp\/v2\/types\/page"}],"author":[{"embeddable":true,"href":"https:\/\/willypadel.com\/es\/wp-json\/wp\/v2\/users\/1"}],"replies":[{"embeddable":true,"href":"https:\/\/willypadel.com\/es\/wp-json\/wp\/v2\/comments?post=2021"}],"version-history":[{"count":9,"href":"https:\/\/willypadel.com\/es\/wp-json\/wp\/v2\/pages\/2021\/revisions"}],"predecessor-version":[{"id":2494,"href":"https:\/\/willypadel.com\/es\/wp-json\/wp\/v2\/pages\/2021\/revisions\/2494"}],"wp:attachment":[{"href":"https:\/\/willypadel.com\/es\/wp-json\/wp\/v2\/media?parent=2021"}],"curies":[{"name":"wp","href":"https:\/\/api.w.org\/{rel}","templated":true}]}}