{"id":2006,"date":"2022-08-02T10:31:44","date_gmt":"2022-08-02T09:31:44","guid":{"rendered":"https:\/\/willypadel.com\/politica-de-privacidad\/"},"modified":"2022-08-02T10:31:45","modified_gmt":"2022-08-02T09:31:45","slug":"politica-de-privacidad","status":"publish","type":"page","link":"https:\/\/willypadel.com\/es\/politica-de-privacidad\/","title":{"rendered":"Pol\u00edtica de privacidad"},"content":{"rendered":"<div class=\"wpb-content-wrapper\">[vc_row][vc_column width=\u00bb2\/3&#8243;][vc_empty_space][vc_column_text]<b>Pol\u00edtica de privacidad<\/b><\/p>\n<p>De conformidad con la Ley Org\u00e1nica 3\/2018, de diciembre, de Protecci\u00f3n de Datos de Car\u00e1cter Personal y Garant\u00eda de los Derechos Digitales en materia de Protecci\u00f3n de las Personas F\u00edsicas, y de acuerdo con las disposiciones normativas reflejadas en el Reglamento (UE) 2016\/679 del Parlamento Europeo y del Consejo, de 27 de abril de 2016, le informamos que sus datos personales ser\u00e1n tratados por WILLY PADEL, con la finalidad de gestionar su solicitud y mantener la relaci\u00f3n profesional y comercial con usted. Sus datos no ser\u00e1n revelados a terceros. Este tratamiento de datos es necesario para atender su solicitud. Sus datos se conservar\u00e1n hasta que se d\u00e9 de baja del servicio y\/o despu\u00e9s de un periodo de tiempo razonable desde que atendamos su solicitud. Puede ejercer sus derechos de acceso, rectificaci\u00f3n, supresi\u00f3n, portabilidad y limitaci\u00f3n del tratamiento de sus datos dirigi\u00e9ndose a WILLY PADEL, Av. Pompeu Fabra 137 o [protection @ WILLY PADEL.com], acompa\u00f1ando una copia de su DNI que acredite debidamente su identidad. En cualquier situaci\u00f3n, usted tiene derecho a presentar una reclamaci\u00f3n ante la Agencia Espa\u00f1ola de Protecci\u00f3n de Datos (AEPD).<\/p>\n<p>Esta Pol\u00edtica de Privacidad s\u00f3lo es aplicable al Sitio Web, entendiendo por tal todas las p\u00e1ginas y subp\u00e1ginas incluidas en el mismo, declinando WILLY PADEL cualquier responsabilidad por las diferentes pol\u00edticas de privacidad y protecci\u00f3n de datos personales que las p\u00e1ginas web puedan contener. a los que se puede acceder a trav\u00e9s de los hiperv\u00ednculos situados en este sitio web y que no son gestionados directamente por WILLY PADEL.<\/p>\n<p>Le informamos que sus datos personales de contacto ser\u00e1n incorporados a un fichero automatizado propiedad de WILLY PADEL y utilizados para procesar sus consultas, depurar sus datos, as\u00ed como para enviarle Newsletters y comunicaciones comerciales y promocionales relacionadas con los productos y servicios de WILLY PADEL por carta , tel\u00e9fono, correo electr\u00f3nico, SMS \/ MMS, u otros medios de comunicaci\u00f3n electr\u00f3nicos equivalentes.<\/p>\n<p><b>1. Responsable del tratamiento de los datos personales<\/b><\/p>\n<p>El responsable del tratamiento de los datos personales es la entidad WILLY PADEL, sociedad domiciliada en Barcelona (Barcelona), Av. Pompeu Fabra 137 08880 Cubelles Barcelona Spain.<\/p>\n<p>Para garantizar la correcta gesti\u00f3n del tratamiento de sus datos, WILLY PADEL ha designado un Delegado de Protecci\u00f3n de Datos, al que podr\u00e1 dirigirse para cualquier consulta que necesite y con el que podr\u00e1 contactar en la direcci\u00f3n electr\u00f3nica [protection @ WILLY PADEL.com].<\/p>\n<p><b>2. Finalidad del tratamiento de datos<\/b><\/p>\n<p>&#8211; Gesti\u00f3n de todo tipo de solicitudes o requerimientos: Los datos que nos facilite a trav\u00e9s del formulario de contacto habilitado en nuestra web ser\u00e1n tratados de forma confidencial, siendo la \u00fanica otra finalidad para la que hubieran sido recabados o recogidos, el consentimiento previo del interesado.<\/p>\n<p>&#8211; Procedimientos comerciales consistentes en el env\u00edo de publicidad y comunicaciones comerciales.<\/p>\n<p>Los datos personales proporcionados se conservar\u00e1n durante el per\u00edodo estrictamente necesario para responder a su solicitud.<\/p>\n<p>El usuario puede oponerse en cualquier momento a la finalidad del tratamiento de sus datos con fines publicitarios o promocionales por parte de WILLY PADEL.<\/p>\n<p>Puede solicitar m\u00e1s informaci\u00f3n sobre los periodos de conservaci\u00f3n de los datos personales en [protection @ WILLY PADEL.com].<\/p>\n<p>El usuario responder\u00e1, en cualquier caso, de la veracidad, exactitud, vigencia y autenticidad de los Datos Personales facilitados, reserv\u00e1ndose WILLY PADEL el derecho a excluir de los servicios registrados a todo usuario que haya facilitado datos falsos, sin perjuicio de las dem\u00e1s acciones que procedan en Derecho.<\/p>\n<p><b>3. Legitimaci\u00f3n<\/b><\/p>\n<p>La base legal para el tratamiento de datos es la relaci\u00f3n contractual existente y\/o el consentimiento informado del interesado en respuesta a sus solicitudes.<\/p>\n<p><b>4. Destinatarios<\/b><\/p>\n<p>Sus datos personales ser\u00e1n tratados \u00fanicamente por WILLY PADEL y en ning\u00fan caso ser\u00e1n transferidos a terceros.<\/p>\n<p>WILLY PADEL, podr\u00e1 revelar a las autoridades competentes los Datos Personales y cualquier informaci\u00f3n que est\u00e9 en su poder y que haya sido requerida de conformidad con las disposiciones legales aplicables al caso.<\/p>\n<p><b>5. Per\u00edodo de conservaci\u00f3n<\/b><\/p>\n<p>Sus datos personales se conservar\u00e1n mientras se tramita la solicitud o el requerimiento realizado. Tan pronto como la consulta se resuelva a satisfacci\u00f3n del usuario, WILLY PADEL eliminar\u00e1 sus datos de contacto.<\/p>\n<p>Si marca la casilla correspondiente, consintiendo que WILLY PADEL le env\u00ede comunicaciones comerciales en los t\u00e9rminos establecidos por la Ley 34\/2002, de 11 de julio, de Servicios de la Sociedad de la Informaci\u00f3n y de Comercio Electr\u00f3nico, sus datos ser\u00e1n conservados mientras no revoque dicho consentimiento o solicite la baja del servicio de recepci\u00f3n de comunicaciones comerciales. La revocaci\u00f3n puede notificarse en cualquier momento mediante un simple mensaje de correo electr\u00f3nico a [*]. Y la cancelaci\u00f3n del servicio tambi\u00e9n se puede realizar en el enlace que se proporciona en la propia comunicaci\u00f3n.<\/p>\n<p><b>6. Ejercicio de los derechos<\/b><\/p>\n<p>Acceso, rectificaci\u00f3n, supresi\u00f3n, oposici\u00f3n, portabilidad de datos, limitaci\u00f3n del tratamiento: Puede ejercer los derechos reconocidos en la LOPD-GDD y en el RGPD dirigi\u00e9ndose a WILLY PADEL. A trav\u00e9s de correo postal o electr\u00f3nico, acompa\u00f1ando una copia del documento que acredite debidamente su identidad. En cualquier situaci\u00f3n, el usuario tiene derecho a presentar una reclamaci\u00f3n ante la Agencia Espa\u00f1ola de Protecci\u00f3n de Datos (AEPD).<\/p>\n<p>Users may direct their communications and exercise their rights at the email address [protection @ WILLY PADEL.com], or by regular mail addressed to WILLY PADEL, Av. Pompeu Fabra 137 08880 Cubelles Barcelona Spain.<\/p>\n<p>Para el ejercicio de estos derechos es necesario que el usuario acredite su personalidad mediante el env\u00edo de una fotocopia de su Documento Nacional de Identidad o cualquier otro medio v\u00e1lido en derecho que acredite debidamente su identidad.<\/p>\n<p><b>7. Medidas de seguridad<\/b><\/p>\n<p>WILLY PADEL, ha implementado las medidas necesarias para garantizar el nivel de seguridad requerido para evitar, en la medida de lo posible, la alteraci\u00f3n, destrucci\u00f3n o acceso no autorizado.<\/p>\n<p><b>8. Modificaciones de la pol\u00edtica de privacidad<\/b><\/p>\n<p>WILLY PADEL se reserva el derecho de modificar esta Pol\u00edtica de Privacidad de acuerdo con la legislaci\u00f3n aplicable en cada momento. Si se produce alg\u00fan cambio en esta pol\u00edtica, el nuevo texto se publicar\u00e1 en esta misma direcci\u00f3n.[\/vc_column_text][\/vc_column][vc_column width=\u00bb1\/3&#8243;][\/vc_column][\/vc_row]\n<\/div>","protected":false},"excerpt":{"rendered":"<p>[vc_row][vc_column width=\u00bb2\/3&#8243;][vc_empty_space][vc_column_text]Pol\u00edtica de privacidad De conformidad con la Ley Org\u00e1nica 3\/2018, de diciembre, de Protecci\u00f3n de Datos de Car\u00e1cter Personal y Garant\u00eda de los Derechos&hellip;<\/p>\n","protected":false},"author":1,"featured_media":0,"parent":0,"menu_order":0,"comment_status":"closed","ping_status":"closed","template":"","meta":{"footnotes":""},"class_list":["post-2006","page","type-page","status-publish","hentry"],"jetpack_shortlink":"https:\/\/wp.me\/PcF1D8-wm","jetpack_sharing_enabled":true,"_links":{"self":[{"href":"https:\/\/willypadel.com\/es\/wp-json\/wp\/v2\/pages\/2006","targetHints":{"allow":["GET"]}}],"collection":[{"href":"https:\/\/willypadel.com\/es\/wp-json\/wp\/v2\/pages"}],"about":[{"href":"https:\/\/willypadel.com\/es\/wp-json\/wp\/v2\/types\/page"}],"author":[{"embeddable":true,"href":"https:\/\/willypadel.com\/es\/wp-json\/wp\/v2\/users\/1"}],"replies":[{"embeddable":true,"href":"https:\/\/willypadel.com\/es\/wp-json\/wp\/v2\/comments?post=2006"}],"version-history":[{"count":2,"href":"https:\/\/willypadel.com\/es\/wp-json\/wp\/v2\/pages\/2006\/revisions"}],"predecessor-version":[{"id":2008,"href":"https:\/\/willypadel.com\/es\/wp-json\/wp\/v2\/pages\/2006\/revisions\/2008"}],"wp:attachment":[{"href":"https:\/\/willypadel.com\/es\/wp-json\/wp\/v2\/media?parent=2006"}],"curies":[{"name":"wp","href":"https:\/\/api.w.org\/{rel}","templated":true}]}}