{"id":1993,"date":"2022-08-02T10:16:29","date_gmt":"2022-08-02T09:16:29","guid":{"rendered":"https:\/\/willypadel.com\/nosotros\/"},"modified":"2025-07-19T09:59:23","modified_gmt":"2025-07-19T08:59:23","slug":"nosotros","status":"publish","type":"page","link":"https:\/\/willypadel.com\/es\/nosotros\/","title":{"rendered":"Nosotros"},"content":{"rendered":"<div class=\"wpb-content-wrapper\">[vc_row thb_full_width=\u00bbtrue\u00bb content_placement=\u00bbmiddle\u00bb css=\u00bb.vc_custom_1609929209926{padding-top: 25px !important;}\u00bb][vc_column width=\u00bb7\/12&#8243;]<div class=\"caption-style1 animation left-to-right alignleft  thb_image_link wp-caption\"><img loading=\"lazy\" decoding=\"async\" width=\"1400\" height=\"933\" src=\"https:\/\/willypadel.com\/wp-content\/uploads\/2023\/03\/472f6f148236131.62e2544e8f861.avif\" class=\"thb_image  attachment-full\" alt=\"\" title=\"472f6f148236131.62e2544e8f861\" srcset=\"https:\/\/willypadel.com\/wp-content\/uploads\/2023\/03\/472f6f148236131.62e2544e8f861.avif 1400w, https:\/\/willypadel.com\/wp-content\/uploads\/2023\/03\/472f6f148236131.62e2544e8f861-900x600.jpg 900w, https:\/\/willypadel.com\/wp-content\/uploads\/2023\/03\/472f6f148236131.62e2544e8f861-768x512.jpg 768w, https:\/\/willypadel.com\/wp-content\/uploads\/2023\/03\/472f6f148236131.62e2544e8f861-430x287.jpg 430w, https:\/\/willypadel.com\/wp-content\/uploads\/2023\/03\/472f6f148236131.62e2544e8f861-860x573.jpg 860w\" sizes=\"auto, (max-width: 1400px) 100vw, 1400px\" \/><\/div>[\/vc_column][vc_column width=\u00bb5\/12&#8243; css=\u00bb.vc_custom_1503597833255{padding-top: 10% !important;padding-right: 15% !important;padding-bottom: 10% !important;padding-left: 15% !important;}\u00bb][vc_column_text animation=\u00bbanimation fade-in\u00bb]\n<h2>Hola! Soy Willy Padel y contigo #WeArePadel<\/h2>\n[\/vc_column_text][vc_empty_space height=\u00bb45px\u00bb][vc_column_text animation=\u00bbanimation fade-in\u00bb]\n<p style=\"font-size: 20px;\">Somos la primera tienda de ropa de p\u00e1del dise\u00f1ada con pasi\u00f3n por un jugador de p\u00e1del, para jugadores de p\u00e1del. Soy Willy Padel. Dise\u00f1o camisetas, sudaderas y accesorios para practicar y jugar a nuestro deporte favorito. <a class=\" xil3i\" tabindex=\"0\" href=\"https:\/\/www.instagram.com\/explore\/tags\/barcelona\/\">#Barcelona<\/a> <a class=\" xil3i\" tabindex=\"0\" href=\"https:\/\/www.instagram.com\/explore\/tags\/wearepadel\/\">#WeArePadel<\/a> <a class=\" xil3i\" tabindex=\"0\" href=\"https:\/\/www.instagram.com\/explore\/tags\/padel\/\">#Padel<\/a><\/p>\n[\/vc_column_text][vc_empty_space height=\u00bb45px\u00bb][vc_column_text css=\u00bb\u00bb animation=\u00bbanimation fade-in\u00bb el_class=\u00bbsmall-text\u00bb]WhatsApp<\/p>\n<p>Lunes-s\u00e1bado 9:00-18:00 ET<br \/>\nDomingo cerrado[\/vc_column_text][\/vc_column][\/vc_row][vc_row el_class=\u00bbalign-spaced\u00bb css=\u00bb.vc_custom_1503598254882{padding-top: 10vh !important;padding-right: 10% !important;padding-bottom: 10vh !important;padding-left: 10% !important;}\u00bb][vc_column width=\u00bb10\/12&#8243;][vc_column_text]Llevamos m\u00e1s de 20 a\u00f1os respirando tenis y p\u00e1del: como jugadores, entrenadores y recorriendo medio mundo con una pala en la mano.<br \/>\nEn todo este tiempo, hay algo que siempre nos ha llamado la atenci\u00f3n: la ropa de p\u00e1del sigue un paso por detr\u00e1s, sobre todo si la comparamos con la del tenis, su primo m\u00e1s estirado.<\/p>\n<p>Y justo por eso decidimos emprender este camino. Porque creemos que el p\u00e1del se merece m\u00e1s. Queremos darle un giro fresco, subir el nivel de estilo y ofrecer una calidad que est\u00e9 a la altura del deporte que amamos.[\/vc_column_text][\/vc_column][\/vc_row][vc_row el_class=\u00bbalign-center\u00bb][vc_column width=\u00bb1\/2&#8243;]<div class=\"caption-style1 animation fade-in alignleft  thb_image_link wp-caption\"><a  href=\"https:\/\/willypadel.com\/online-store\/\" target=\"_self\" title=\"Online Store\"><img loading=\"lazy\" decoding=\"async\" width=\"1400\" height=\"1727\" src=\"https:\/\/willypadel.com\/wp-content\/uploads\/2021\/01\/willypadel-about-shirt-3.avif\" class=\"thb_image  attachment-full\" alt=\"\" title=\"willypadel-about-shirt-3\" srcset=\"https:\/\/willypadel.com\/wp-content\/uploads\/2021\/01\/willypadel-about-shirt-3.avif 1400w, https:\/\/willypadel.com\/wp-content\/uploads\/2021\/01\/willypadel-about-shirt-3-730x900.jpg 730w, https:\/\/willypadel.com\/wp-content\/uploads\/2021\/01\/willypadel-about-shirt-3-768x947.jpg 768w, https:\/\/willypadel.com\/wp-content\/uploads\/2021\/01\/willypadel-about-shirt-3-1245x1536.jpg 1245w, https:\/\/willypadel.com\/wp-content\/uploads\/2021\/01\/willypadel-about-shirt-3-430x530.jpg 430w, https:\/\/willypadel.com\/wp-content\/uploads\/2021\/01\/willypadel-about-shirt-3-860x1061.jpg 860w\" sizes=\"auto, (max-width: 1400px) 100vw, 1400px\" \/><\/a><\/div>[vc_column_text css=\u00bb.vc_custom_1609773375612{padding-top: 15% !important;padding-right: 10% !important;padding-left: 10% !important;}\u00bb]\n<h2>Estamos llevando a cabo nuestra primera Academia Willy Padel para ni\u00f1os y adultos en Sitges, Barcelona.<\/h2>\n[\/vc_column_text][vc_empty_space height=\u00bb35px\u00bb][vc_column_text css=\u00bb.vc_custom_1609773392893{padding-right: 10% !important;padding-left: 10% !important;}\u00bb animation=\u00bbanimation fade-in\u00bb]Pronto se podr\u00e1 reservar.<\/p>\n<p>La Academia Willy Padel est\u00e1 dirigida por el reconocido jugador profesional Mart\u00edn Cejas![\/vc_column_text][\/vc_column][vc_column width=\u00bb5\/12&#8243; css=\u00bb.vc_custom_1503598671428{padding-left: 10% !important;}\u00bb]<div class=\"caption-style1 animation fade-in alignleft  thb_image_link wp-caption\"><a  href=\"https:\/\/willypadel.com\/online-store\/\" target=\"_self\" title=\"Online Store\"><img loading=\"lazy\" decoding=\"async\" width=\"1400\" height=\"1727\" src=\"https:\/\/willypadel.com\/wp-content\/uploads\/2021\/01\/willypadel-about-shirt-2.avif\" class=\"thb_image retina_size attachment-full\" alt=\"\" title=\"willypadel-about-shirt-2\" srcset=\"https:\/\/willypadel.com\/wp-content\/uploads\/2021\/01\/willypadel-about-shirt-2.avif 1400w, https:\/\/willypadel.com\/wp-content\/uploads\/2021\/01\/willypadel-about-shirt-2-730x900.jpg 730w, https:\/\/willypadel.com\/wp-content\/uploads\/2021\/01\/willypadel-about-shirt-2-768x947.jpg 768w, https:\/\/willypadel.com\/wp-content\/uploads\/2021\/01\/willypadel-about-shirt-2-1245x1536.jpg 1245w, https:\/\/willypadel.com\/wp-content\/uploads\/2021\/01\/willypadel-about-shirt-2-430x530.jpg 430w, https:\/\/willypadel.com\/wp-content\/uploads\/2021\/01\/willypadel-about-shirt-2-860x1061.jpg 860w\" sizes=\"auto, (max-width: 1400px) 100vw, 1400px\" \/><\/a><\/div>[vc_empty_space height=\u00bb90px\u00bb]<div class=\"caption-style1 animation fade-in alignleft  thb_image_link wp-caption\"><a  href=\"https:\/\/willypadel.com\/online-store\/\" target=\"_self\" title=\"Online Store\"><img loading=\"lazy\" decoding=\"async\" width=\"1400\" height=\"1400\" src=\"https:\/\/willypadel.com\/wp-content\/uploads\/2021\/02\/PISTA-MINI-GRIS-CELESTE.avif\" class=\"thb_image  attachment-full\" alt=\"\" title=\"PISTA-MINI-GRIS-CELESTE.jpg\" srcset=\"https:\/\/willypadel.com\/wp-content\/uploads\/2021\/02\/PISTA-MINI-GRIS-CELESTE.avif 1400w, https:\/\/willypadel.com\/wp-content\/uploads\/2021\/02\/PISTA-MINI-GRIS-CELESTE-600x600.jpg 600w, https:\/\/willypadel.com\/wp-content\/uploads\/2021\/02\/PISTA-MINI-GRIS-CELESTE-100x100.jpg 100w, https:\/\/willypadel.com\/wp-content\/uploads\/2021\/02\/PISTA-MINI-GRIS-CELESTE-900x900.jpg 900w, https:\/\/willypadel.com\/wp-content\/uploads\/2021\/02\/PISTA-MINI-GRIS-CELESTE-400x400.jpg 400w, https:\/\/willypadel.com\/wp-content\/uploads\/2021\/02\/PISTA-MINI-GRIS-CELESTE-768x768.jpg 768w, https:\/\/willypadel.com\/wp-content\/uploads\/2021\/02\/PISTA-MINI-GRIS-CELESTE-150x150.jpg 150w, https:\/\/willypadel.com\/wp-content\/uploads\/2021\/02\/PISTA-MINI-GRIS-CELESTE-430x430.jpg 430w, https:\/\/willypadel.com\/wp-content\/uploads\/2021\/02\/PISTA-MINI-GRIS-CELESTE-860x860.jpg 860w\" sizes=\"auto, (max-width: 1400px) 100vw, 1400px\" \/><\/a><\/div>[\/vc_column][\/vc_row][vc_row thb_full_width=\u00bbtrue\u00bb parallax=\u00bbcontent-moving\u00bb css=\u00bb.vc_custom_1609763923094{margin-top: 10vh !important;margin-bottom: 10vh !important;padding-bottom: 60vh !important;background: #bdccc9 url(https:\/\/willypadel.com\/wp-content\/uploads\/2021\/01\/willypadel-about.jpg?id=841);background-position: center;background-repeat: no-repeat !important;background-size: cover !important;}\u00bb][vc_column][\/vc_column][\/vc_row]\n<\/div>","protected":false},"excerpt":{"rendered":"<p>[vc_row thb_full_width=\u00bbtrue\u00bb content_placement=\u00bbmiddle\u00bb css=\u00bb.vc_custom_1609929209926{padding-top: 25px !important;}\u00bb][vc_column width=\u00bb7\/12&#8243;][\/vc_column][vc_column width=\u00bb5\/12&#8243; css=\u00bb.vc_custom_1503597833255{padding-top: 10% !important;padding-right: 15% !important;padding-bottom: 10% !important;padding-left: 15% !important;}\u00bb][vc_column_text animation=\u00bbanimation fade-in\u00bb] Hola! Soy Willy Padel y contigo&hellip;<\/p>\n","protected":false},"author":1,"featured_media":0,"parent":0,"menu_order":0,"comment_status":"closed","ping_status":"closed","template":"","meta":{"footnotes":""},"class_list":["post-1993","page","type-page","status-publish","hentry"],"yoast_head":"<!-- This site is optimized with the Yoast SEO plugin v27.4 - https:\/\/yoast.com\/product\/yoast-seo-wordpress\/ -->\n<title>Nosotros | Ropa de P\u00e1del Original | Camisetas, Sudaderas y P\u00f3sters<\/title>\n<meta name=\"robots\" content=\"index, follow, max-snippet:-1, max-image-preview:large, max-video-preview:-1\" \/>\n<link rel=\"canonical\" href=\"https:\/\/willypadel.com\/nosotros\/\" \/>\n<meta property=\"og:locale\" content=\"es_ES\" \/>\n<meta property=\"og:type\" content=\"article\" \/>\n<meta property=\"og:title\" content=\"Nosotros | Ropa de P\u00e1del Original | Camisetas, Sudaderas y P\u00f3sters\" \/>\n<meta property=\"og:description\" content=\"[vc_row thb_full_width=\u00bbtrue\u00bb content_placement=\u00bbmiddle\u00bb css=\u00bb.vc_custom_1609929209926{padding-top: 25px !important;}\u00bb][vc_column width=\u00bb7\/12&#8243;][\/vc_column][vc_column width=\u00bb5\/12&#8243; css=\u00bb.vc_custom_1503597833255{padding-top: 10% !important;padding-right: 15% !important;padding-bottom: 10% !important;padding-left: 15% !important;}\u00bb][vc_column_text animation=\u00bbanimation fade-in\u00bb] Hola! Soy Willy Padel y contigo&hellip;\" \/>\n<meta property=\"og:url\" content=\"https:\/\/willypadel.com\/nosotros\/\" \/>\n<meta property=\"og:site_name\" content=\"Ropa de P\u00e1del Original | Camisetas, Sudaderas y P\u00f3sters\" \/>\n<meta property=\"article:publisher\" content=\"https:\/\/www.facebook.com\/willypadelstore\/\" \/>\n<meta property=\"article:modified_time\" content=\"2025-07-19T08:59:23+00:00\" \/>\n<meta property=\"og:image\" content=\"https:\/\/willypadel.com\/wp-content\/uploads\/2021\/02\/SUDADERA-CAPUCHA-NAVY.avif\" \/>\n\t<meta property=\"og:image:width\" content=\"1400\" \/>\n\t<meta property=\"og:image:height\" content=\"1400\" \/>\n\t<meta property=\"og:image:type\" content=\"image\/jpeg\" \/>\n<meta name=\"twitter:card\" content=\"summary_large_image\" \/>\n<meta name=\"twitter:label1\" content=\"Tiempo de lectura\" \/>\n\t<meta name=\"twitter:data1\" content=\"2 minutos\" \/>\n<script type=\"application\/ld+json\" class=\"yoast-schema-graph\">{\"@context\":\"https:\\\/\\\/schema.org\",\"@graph\":[{\"@type\":\"WebPage\",\"@id\":\"https:\\\/\\\/willypadel.com\\\/nosotros\\\/\",\"url\":\"https:\\\/\\\/willypadel.com\\\/nosotros\\\/\",\"name\":\"Nosotros | Ropa de P\u00e1del Original | Camisetas, Sudaderas y P\u00f3sters\",\"isPartOf\":{\"@id\":\"https:\\\/\\\/willypadel.com\\\/#website\"},\"datePublished\":\"2022-08-02T09:16:29+00:00\",\"dateModified\":\"2025-07-19T08:59:23+00:00\",\"breadcrumb\":{\"@id\":\"https:\\\/\\\/willypadel.com\\\/nosotros\\\/#breadcrumb\"},\"inLanguage\":\"es\",\"potentialAction\":[{\"@type\":\"ReadAction\",\"target\":[\"https:\\\/\\\/willypadel.com\\\/nosotros\\\/\"]}]},{\"@type\":\"BreadcrumbList\",\"@id\":\"https:\\\/\\\/willypadel.com\\\/nosotros\\\/#breadcrumb\",\"itemListElement\":[{\"@type\":\"ListItem\",\"position\":1,\"name\":\"Portada\",\"item\":\"https:\\\/\\\/willypadel.com\\\/\"},{\"@type\":\"ListItem\",\"position\":2,\"name\":\"Nosotros\"}]},{\"@type\":\"WebSite\",\"@id\":\"https:\\\/\\\/willypadel.com\\\/#website\",\"url\":\"https:\\\/\\\/willypadel.com\\\/\",\"name\":\"Willy Padel\",\"description\":\"Ropa de p\u00e1del original y t\u00e9cnica dise\u00f1ada por jugadores. Camisetas, sudaderas y p\u00f3sters #WeArePadel.\",\"publisher\":{\"@id\":\"https:\\\/\\\/willypadel.com\\\/#organization\"},\"alternateName\":\"WillyPadel\",\"potentialAction\":[{\"@type\":\"SearchAction\",\"target\":{\"@type\":\"EntryPoint\",\"urlTemplate\":\"https:\\\/\\\/willypadel.com\\\/?s={search_term_string}\"},\"query-input\":{\"@type\":\"PropertyValueSpecification\",\"valueRequired\":true,\"valueName\":\"search_term_string\"}}],\"inLanguage\":\"es\"},{\"@type\":\"Organization\",\"@id\":\"https:\\\/\\\/willypadel.com\\\/#organization\",\"name\":\"Willy Padel\",\"alternateName\":\"WillyPadel\",\"url\":\"https:\\\/\\\/willypadel.com\\\/\",\"logo\":{\"@type\":\"ImageObject\",\"inLanguage\":\"es\",\"@id\":\"https:\\\/\\\/willypadel.com\\\/#\\\/schema\\\/logo\\\/image\\\/\",\"url\":\"https:\\\/\\\/willypadel.com\\\/wp-content\\\/uploads\\\/2024\\\/08\\\/cropped-favicon-willy-1.png\",\"contentUrl\":\"https:\\\/\\\/willypadel.com\\\/wp-content\\\/uploads\\\/2024\\\/08\\\/cropped-favicon-willy-1.png\",\"width\":512,\"height\":512,\"caption\":\"Willy Padel\"},\"image\":{\"@id\":\"https:\\\/\\\/willypadel.com\\\/#\\\/schema\\\/logo\\\/image\\\/\"},\"sameAs\":[\"https:\\\/\\\/www.facebook.com\\\/willypadelstore\\\/\",\"https:\\\/\\\/www.instagram.com\\\/willypadelstore\\\/\"]}]}<\/script>\n<!-- \/ Yoast SEO plugin. -->","yoast_head_json":{"title":"Nosotros | Ropa de P\u00e1del Original | Camisetas, Sudaderas y P\u00f3sters","robots":{"index":"index","follow":"follow","max-snippet":"max-snippet:-1","max-image-preview":"max-image-preview:large","max-video-preview":"max-video-preview:-1"},"canonical":"https:\/\/willypadel.com\/nosotros\/","og_locale":"es_ES","og_type":"article","og_title":"Nosotros | Ropa de P\u00e1del Original | Camisetas, Sudaderas y P\u00f3sters","og_description":"[vc_row thb_full_width=\u00bbtrue\u00bb content_placement=\u00bbmiddle\u00bb css=\u00bb.vc_custom_1609929209926{padding-top: 25px !important;}\u00bb][vc_column width=\u00bb7\/12&#8243;][\/vc_column][vc_column width=\u00bb5\/12&#8243; css=\u00bb.vc_custom_1503597833255{padding-top: 10% !important;padding-right: 15% !important;padding-bottom: 10% !important;padding-left: 15% !important;}\u00bb][vc_column_text animation=\u00bbanimation fade-in\u00bb] Hola! Soy Willy Padel y contigo&hellip;","og_url":"https:\/\/willypadel.com\/nosotros\/","og_site_name":"Ropa de P\u00e1del Original | Camisetas, Sudaderas y P\u00f3sters","article_publisher":"https:\/\/www.facebook.com\/willypadelstore\/","article_modified_time":"2025-07-19T08:59:23+00:00","og_image":[{"width":1400,"height":1400,"url":"https:\/\/willypadel.com\/wp-content\/uploads\/2021\/02\/SUDADERA-CAPUCHA-NAVY.avif","type":"image\/jpeg"}],"twitter_card":"summary_large_image","twitter_misc":{"Tiempo de lectura":"2 minutos"},"schema":{"@context":"https:\/\/schema.org","@graph":[{"@type":"WebPage","@id":"https:\/\/willypadel.com\/nosotros\/","url":"https:\/\/willypadel.com\/nosotros\/","name":"Nosotros | Ropa de P\u00e1del Original | Camisetas, Sudaderas y P\u00f3sters","isPartOf":{"@id":"https:\/\/willypadel.com\/#website"},"datePublished":"2022-08-02T09:16:29+00:00","dateModified":"2025-07-19T08:59:23+00:00","breadcrumb":{"@id":"https:\/\/willypadel.com\/nosotros\/#breadcrumb"},"inLanguage":"es","potentialAction":[{"@type":"ReadAction","target":["https:\/\/willypadel.com\/nosotros\/"]}]},{"@type":"BreadcrumbList","@id":"https:\/\/willypadel.com\/nosotros\/#breadcrumb","itemListElement":[{"@type":"ListItem","position":1,"name":"Portada","item":"https:\/\/willypadel.com\/"},{"@type":"ListItem","position":2,"name":"Nosotros"}]},{"@type":"WebSite","@id":"https:\/\/willypadel.com\/#website","url":"https:\/\/willypadel.com\/","name":"Willy Padel","description":"Ropa de p\u00e1del original y t\u00e9cnica dise\u00f1ada por jugadores. Camisetas, sudaderas y p\u00f3sters #WeArePadel.","publisher":{"@id":"https:\/\/willypadel.com\/#organization"},"alternateName":"WillyPadel","potentialAction":[{"@type":"SearchAction","target":{"@type":"EntryPoint","urlTemplate":"https:\/\/willypadel.com\/?s={search_term_string}"},"query-input":{"@type":"PropertyValueSpecification","valueRequired":true,"valueName":"search_term_string"}}],"inLanguage":"es"},{"@type":"Organization","@id":"https:\/\/willypadel.com\/#organization","name":"Willy Padel","alternateName":"WillyPadel","url":"https:\/\/willypadel.com\/","logo":{"@type":"ImageObject","inLanguage":"es","@id":"https:\/\/willypadel.com\/#\/schema\/logo\/image\/","url":"https:\/\/willypadel.com\/wp-content\/uploads\/2024\/08\/cropped-favicon-willy-1.png","contentUrl":"https:\/\/willypadel.com\/wp-content\/uploads\/2024\/08\/cropped-favicon-willy-1.png","width":512,"height":512,"caption":"Willy Padel"},"image":{"@id":"https:\/\/willypadel.com\/#\/schema\/logo\/image\/"},"sameAs":["https:\/\/www.facebook.com\/willypadelstore\/","https:\/\/www.instagram.com\/willypadelstore\/"]}]}},"jetpack_shortlink":"https:\/\/wp.me\/PcF1D8-w9","jetpack_sharing_enabled":true,"_links":{"self":[{"href":"https:\/\/willypadel.com\/es\/wp-json\/wp\/v2\/pages\/1993","targetHints":{"allow":["GET"]}}],"collection":[{"href":"https:\/\/willypadel.com\/es\/wp-json\/wp\/v2\/pages"}],"about":[{"href":"https:\/\/willypadel.com\/es\/wp-json\/wp\/v2\/types\/page"}],"author":[{"embeddable":true,"href":"https:\/\/willypadel.com\/es\/wp-json\/wp\/v2\/users\/1"}],"replies":[{"embeddable":true,"href":"https:\/\/willypadel.com\/es\/wp-json\/wp\/v2\/comments?post=1993"}],"version-history":[{"count":8,"href":"https:\/\/willypadel.com\/es\/wp-json\/wp\/v2\/pages\/1993\/revisions"}],"predecessor-version":[{"id":2609,"href":"https:\/\/willypadel.com\/es\/wp-json\/wp\/v2\/pages\/1993\/revisions\/2609"}],"wp:attachment":[{"href":"https:\/\/willypadel.com\/es\/wp-json\/wp\/v2\/media?parent=1993"}],"curies":[{"name":"wp","href":"https:\/\/api.w.org\/{rel}","templated":true}]}}