{"id":1381,"date":"2021-02-26T17:13:07","date_gmt":"2021-02-26T16:13:07","guid":{"rendered":"https:\/\/willypadel.com\/carrito\/"},"modified":"2022-08-02T10:24:10","modified_gmt":"2022-08-02T09:24:10","slug":"carrito","status":"publish","type":"page","link":"https:\/\/willypadel.com\/es\/carrito\/","title":{"rendered":"Carrito"},"content":{"rendered":"\n","protected":false},"excerpt":{"rendered":"","protected":false},"author":1,"featured_media":0,"parent":0,"menu_order":0,"comment_status":"closed","ping_status":"closed","template":"","meta":{"footnotes":""},"class_list":["post-1381","page","type-page","status-publish","hentry"],"yoast_head":"<!-- This site is optimized with the Yoast SEO plugin v27.4 - https:\/\/yoast.com\/product\/yoast-seo-wordpress\/ -->\n<title>Carrito | Ropa de P\u00e1del Original | Camisetas, Sudaderas y P\u00f3sters<\/title>\n<meta name=\"robots\" content=\"index, follow, max-snippet:-1, max-image-preview:large, max-video-preview:-1\" \/>\n<link rel=\"canonical\" href=\"https:\/\/willypadel.com\/carrito\/\" \/>\n<meta property=\"og:locale\" content=\"es_ES\" \/>\n<meta property=\"og:type\" content=\"article\" \/>\n<meta property=\"og:title\" content=\"Carrito | Ropa de P\u00e1del Original | Camisetas, Sudaderas y P\u00f3sters\" \/>\n<meta property=\"og:url\" content=\"https:\/\/willypadel.com\/carrito\/\" \/>\n<meta property=\"og:site_name\" content=\"Ropa de P\u00e1del Original | Camisetas, Sudaderas y P\u00f3sters\" \/>\n<meta property=\"article:publisher\" content=\"https:\/\/www.facebook.com\/willypadelstore\/\" \/>\n<meta property=\"article:modified_time\" content=\"2022-08-02T09:24:10+00:00\" \/>\n<meta property=\"og:image\" content=\"https:\/\/willypadel.com\/wp-content\/uploads\/2021\/02\/SUDADERA-CAPUCHA-NAVY.avif\" \/>\n\t<meta property=\"og:image:width\" content=\"1400\" \/>\n\t<meta property=\"og:image:height\" content=\"1400\" \/>\n\t<meta property=\"og:image:type\" content=\"image\/jpeg\" \/>\n<meta name=\"twitter:card\" content=\"summary_large_image\" \/>\n<script type=\"application\/ld+json\" class=\"yoast-schema-graph\">{\"@context\":\"https:\\\/\\\/schema.org\",\"@graph\":[{\"@type\":\"WebPage\",\"@id\":\"https:\\\/\\\/willypadel.com\\\/carrito\\\/\",\"url\":\"https:\\\/\\\/willypadel.com\\\/carrito\\\/\",\"name\":\"Carrito | Ropa de P\u00e1del Original | Camisetas, Sudaderas y P\u00f3sters\",\"isPartOf\":{\"@id\":\"https:\\\/\\\/willypadel.com\\\/#website\"},\"datePublished\":\"2021-02-26T16:13:07+00:00\",\"dateModified\":\"2022-08-02T09:24:10+00:00\",\"breadcrumb\":{\"@id\":\"https:\\\/\\\/willypadel.com\\\/carrito\\\/#breadcrumb\"},\"inLanguage\":\"es\",\"potentialAction\":[{\"@type\":\"ReadAction\",\"target\":[\"https:\\\/\\\/willypadel.com\\\/carrito\\\/\"]}]},{\"@type\":\"BreadcrumbList\",\"@id\":\"https:\\\/\\\/willypadel.com\\\/carrito\\\/#breadcrumb\",\"itemListElement\":[{\"@type\":\"ListItem\",\"position\":1,\"name\":\"Portada\",\"item\":\"https:\\\/\\\/willypadel.com\\\/\"},{\"@type\":\"ListItem\",\"position\":2,\"name\":\"Carrito\"}]},{\"@type\":\"WebSite\",\"@id\":\"https:\\\/\\\/willypadel.com\\\/#website\",\"url\":\"https:\\\/\\\/willypadel.com\\\/\",\"name\":\"Willy Padel\",\"description\":\"Ropa de p\u00e1del original y t\u00e9cnica dise\u00f1ada por jugadores. Camisetas, sudaderas y p\u00f3sters #WeArePadel.\",\"publisher\":{\"@id\":\"https:\\\/\\\/willypadel.com\\\/#organization\"},\"alternateName\":\"WillyPadel\",\"potentialAction\":[{\"@type\":\"SearchAction\",\"target\":{\"@type\":\"EntryPoint\",\"urlTemplate\":\"https:\\\/\\\/willypadel.com\\\/?s={search_term_string}\"},\"query-input\":{\"@type\":\"PropertyValueSpecification\",\"valueRequired\":true,\"valueName\":\"search_term_string\"}}],\"inLanguage\":\"es\"},{\"@type\":\"Organization\",\"@id\":\"https:\\\/\\\/willypadel.com\\\/#organization\",\"name\":\"Willy Padel\",\"alternateName\":\"WillyPadel\",\"url\":\"https:\\\/\\\/willypadel.com\\\/\",\"logo\":{\"@type\":\"ImageObject\",\"inLanguage\":\"es\",\"@id\":\"https:\\\/\\\/willypadel.com\\\/#\\\/schema\\\/logo\\\/image\\\/\",\"url\":\"https:\\\/\\\/willypadel.com\\\/wp-content\\\/uploads\\\/2024\\\/08\\\/cropped-favicon-willy-1.png\",\"contentUrl\":\"https:\\\/\\\/willypadel.com\\\/wp-content\\\/uploads\\\/2024\\\/08\\\/cropped-favicon-willy-1.png\",\"width\":512,\"height\":512,\"caption\":\"Willy Padel\"},\"image\":{\"@id\":\"https:\\\/\\\/willypadel.com\\\/#\\\/schema\\\/logo\\\/image\\\/\"},\"sameAs\":[\"https:\\\/\\\/www.facebook.com\\\/willypadelstore\\\/\",\"https:\\\/\\\/www.instagram.com\\\/willypadelstore\\\/\"]}]}<\/script>\n<!-- \/ Yoast SEO plugin. -->","yoast_head_json":{"title":"Carrito | Ropa de P\u00e1del Original | Camisetas, Sudaderas y P\u00f3sters","robots":{"index":"index","follow":"follow","max-snippet":"max-snippet:-1","max-image-preview":"max-image-preview:large","max-video-preview":"max-video-preview:-1"},"canonical":"https:\/\/willypadel.com\/carrito\/","og_locale":"es_ES","og_type":"article","og_title":"Carrito | Ropa de P\u00e1del Original | Camisetas, Sudaderas y P\u00f3sters","og_url":"https:\/\/willypadel.com\/carrito\/","og_site_name":"Ropa de P\u00e1del Original | Camisetas, Sudaderas y P\u00f3sters","article_publisher":"https:\/\/www.facebook.com\/willypadelstore\/","article_modified_time":"2022-08-02T09:24:10+00:00","og_image":[{"width":1400,"height":1400,"url":"https:\/\/willypadel.com\/wp-content\/uploads\/2021\/02\/SUDADERA-CAPUCHA-NAVY.avif","type":"image\/jpeg"}],"twitter_card":"summary_large_image","schema":{"@context":"https:\/\/schema.org","@graph":[{"@type":"WebPage","@id":"https:\/\/willypadel.com\/carrito\/","url":"https:\/\/willypadel.com\/carrito\/","name":"Carrito | Ropa de P\u00e1del Original | Camisetas, Sudaderas y P\u00f3sters","isPartOf":{"@id":"https:\/\/willypadel.com\/#website"},"datePublished":"2021-02-26T16:13:07+00:00","dateModified":"2022-08-02T09:24:10+00:00","breadcrumb":{"@id":"https:\/\/willypadel.com\/carrito\/#breadcrumb"},"inLanguage":"es","potentialAction":[{"@type":"ReadAction","target":["https:\/\/willypadel.com\/carrito\/"]}]},{"@type":"BreadcrumbList","@id":"https:\/\/willypadel.com\/carrito\/#breadcrumb","itemListElement":[{"@type":"ListItem","position":1,"name":"Portada","item":"https:\/\/willypadel.com\/"},{"@type":"ListItem","position":2,"name":"Carrito"}]},{"@type":"WebSite","@id":"https:\/\/willypadel.com\/#website","url":"https:\/\/willypadel.com\/","name":"Willy Padel","description":"Ropa de p\u00e1del original y t\u00e9cnica dise\u00f1ada por jugadores. Camisetas, sudaderas y p\u00f3sters #WeArePadel.","publisher":{"@id":"https:\/\/willypadel.com\/#organization"},"alternateName":"WillyPadel","potentialAction":[{"@type":"SearchAction","target":{"@type":"EntryPoint","urlTemplate":"https:\/\/willypadel.com\/?s={search_term_string}"},"query-input":{"@type":"PropertyValueSpecification","valueRequired":true,"valueName":"search_term_string"}}],"inLanguage":"es"},{"@type":"Organization","@id":"https:\/\/willypadel.com\/#organization","name":"Willy Padel","alternateName":"WillyPadel","url":"https:\/\/willypadel.com\/","logo":{"@type":"ImageObject","inLanguage":"es","@id":"https:\/\/willypadel.com\/#\/schema\/logo\/image\/","url":"https:\/\/willypadel.com\/wp-content\/uploads\/2024\/08\/cropped-favicon-willy-1.png","contentUrl":"https:\/\/willypadel.com\/wp-content\/uploads\/2024\/08\/cropped-favicon-willy-1.png","width":512,"height":512,"caption":"Willy Padel"},"image":{"@id":"https:\/\/willypadel.com\/#\/schema\/logo\/image\/"},"sameAs":["https:\/\/www.facebook.com\/willypadelstore\/","https:\/\/www.instagram.com\/willypadelstore\/"]}]}},"jetpack_shortlink":"https:\/\/wp.me\/PcF1D8-mh","jetpack_sharing_enabled":true,"_links":{"self":[{"href":"https:\/\/willypadel.com\/es\/wp-json\/wp\/v2\/pages\/1381","targetHints":{"allow":["GET"]}}],"collection":[{"href":"https:\/\/willypadel.com\/es\/wp-json\/wp\/v2\/pages"}],"about":[{"href":"https:\/\/willypadel.com\/es\/wp-json\/wp\/v2\/types\/page"}],"author":[{"embeddable":true,"href":"https:\/\/willypadel.com\/es\/wp-json\/wp\/v2\/users\/1"}],"replies":[{"embeddable":true,"href":"https:\/\/willypadel.com\/es\/wp-json\/wp\/v2\/comments?post=1381"}],"version-history":[{"count":1,"href":"https:\/\/willypadel.com\/es\/wp-json\/wp\/v2\/pages\/1381\/revisions"}],"predecessor-version":[{"id":2004,"href":"https:\/\/willypadel.com\/es\/wp-json\/wp\/v2\/pages\/1381\/revisions\/2004"}],"wp:attachment":[{"href":"https:\/\/willypadel.com\/es\/wp-json\/wp\/v2\/media?parent=1381"}],"curies":[{"name":"wp","href":"https:\/\/api.w.org\/{rel}","templated":true}]}}